{"id":3708,"date":"2025-03-27T14:33:40","date_gmt":"2025-03-27T14:33:40","guid":{"rendered":"https:\/\/cvafirearms.com\/donde-comprar"},"modified":"2025-09-05T06:55:35","modified_gmt":"2025-09-05T06:55:35","slug":"donde-comprar","status":"publish","type":"page","link":"https:\/\/cvafirearms.com\/en\/donde-comprar","title":{"rendered":"D\u00f3nde comprar"},"content":{"rendered":"\t\t<div data-elementor-type=\"wp-page\" data-elementor-id=\"3708\" class=\"elementor elementor-3708 elementor-2065\" data-elementor-settings=\"{&quot;element_pack_global_tooltip_width&quot;:{&quot;unit&quot;:&quot;px&quot;,&quot;size&quot;:&quot;&quot;,&quot;sizes&quot;:[]},&quot;element_pack_global_tooltip_width_tablet&quot;:{&quot;unit&quot;:&quot;px&quot;,&quot;size&quot;:&quot;&quot;,&quot;sizes&quot;:[]},&quot;element_pack_global_tooltip_width_mobile&quot;:{&quot;unit&quot;:&quot;px&quot;,&quot;size&quot;:&quot;&quot;,&quot;sizes&quot;:[]},&quot;element_pack_global_tooltip_padding&quot;:{&quot;unit&quot;:&quot;px&quot;,&quot;top&quot;:&quot;&quot;,&quot;right&quot;:&quot;&quot;,&quot;bottom&quot;:&quot;&quot;,&quot;left&quot;:&quot;&quot;,&quot;isLinked&quot;:true},&quot;element_pack_global_tooltip_padding_tablet&quot;:{&quot;unit&quot;:&quot;px&quot;,&quot;top&quot;:&quot;&quot;,&quot;right&quot;:&quot;&quot;,&quot;bottom&quot;:&quot;&quot;,&quot;left&quot;:&quot;&quot;,&quot;isLinked&quot;:true},&quot;element_pack_global_tooltip_padding_mobile&quot;:{&quot;unit&quot;:&quot;px&quot;,&quot;top&quot;:&quot;&quot;,&quot;right&quot;:&quot;&quot;,&quot;bottom&quot;:&quot;&quot;,&quot;left&quot;:&quot;&quot;,&quot;isLinked&quot;:true},&quot;element_pack_global_tooltip_border_radius&quot;:{&quot;unit&quot;:&quot;px&quot;,&quot;top&quot;:&quot;&quot;,&quot;right&quot;:&quot;&quot;,&quot;bottom&quot;:&quot;&quot;,&quot;left&quot;:&quot;&quot;,&quot;isLinked&quot;:true},&quot;element_pack_global_tooltip_border_radius_tablet&quot;:{&quot;unit&quot;:&quot;px&quot;,&quot;top&quot;:&quot;&quot;,&quot;right&quot;:&quot;&quot;,&quot;bottom&quot;:&quot;&quot;,&quot;left&quot;:&quot;&quot;,&quot;isLinked&quot;:true},&quot;element_pack_global_tooltip_border_radius_mobile&quot;:{&quot;unit&quot;:&quot;px&quot;,&quot;top&quot;:&quot;&quot;,&quot;right&quot;:&quot;&quot;,&quot;bottom&quot;:&quot;&quot;,&quot;left&quot;:&quot;&quot;,&quot;isLinked&quot;:true}}\">\n\t\t\t\t<div class=\"elementor-element elementor-element-5051263 e-flex e-con-boxed e-con e-parent\" data-id=\"5051263\" data-element_type=\"container\" data-settings=\"{&quot;background_background&quot;:&quot;classic&quot;}\">\n\t\t\t\t\t<div class=\"e-con-inner\">\n\t\t\t\t<div class=\"elementor-element elementor-element-ec03db4 elementor-widget elementor-widget-heading\" data-id=\"ec03db4\" data-element_type=\"widget\" data-widget_type=\"heading.default\">\n\t\t\t\t<div class=\"elementor-widget-container\">\n\t\t\t\t\t<h1 class=\"elementor-heading-title elementor-size-default\">Where to Buy CVA?<\/h1>\t\t\t\t<\/div>\n\t\t\t\t<\/div>\n\t\t\t\t<div class=\"elementor-element elementor-element-cd9a020 elementor-widget elementor-widget-text-editor\" data-id=\"cd9a020\" data-element_type=\"widget\" data-widget_type=\"text-editor.default\">\n\t\t\t\t<div class=\"elementor-widget-container\">\n\t\t\t\t\t\t\t\t\t<p>Explore our authorized CVA stores and find out where you can purchase our products.<\/p>\t\t\t\t\t\t\t\t<\/div>\n\t\t\t\t<\/div>\n\t\t\t\t\t<\/div>\n\t\t\t\t<\/div>\n\t\t<div class=\"elementor-element elementor-element-e97949c e-con-full e-flex e-con e-parent\" data-id=\"e97949c\" data-element_type=\"container\" data-settings=\"{&quot;background_background&quot;:&quot;classic&quot;}\">\n\t\t\t\t<div class=\"elementor-element elementor-element-173a1d2 elementor-widget elementor-widget-shortcode\" data-id=\"173a1d2\" data-element_type=\"widget\" id=\"where-to-buy\" data-widget_type=\"shortcode.default\">\n\t\t\t\t<div class=\"elementor-widget-container\">\n\t\t\t\t\t\t\t<div class=\"elementor-shortcode\"><style>\r\n\t#wpsl-stores .wpsl-store-thumb {height:45px !important; width:45px !important;}\r\n\t#wpsl-stores, #wpsl-direction-details, #wpsl-gmap {height:350px !important;}\r\n\t#wpsl-gmap .wpsl-info-window {max-width:225px !important;}\r\n\t.wpsl-input label, #wpsl-radius label, #wpsl-category label {width:95px;}\r\n\t#wpsl-search-input  {width:179px;}\r\n<\/style>\r\n<div id=\"wpsl-wrap\">\r\n\t<div id=\"wpsl-gmap\" class=\"wpsl-gmap-canvas\"><\/div>\r\n\t<div id=\"wpsl-result-list\">\r\n\t\t<div id=\"wpsl-search-wrap\">\r\n\t\t\t<form autocomplete=\"off\">\r\n\t\t\t<div class=\"wpsl-input\">\r\n\t\t\t\t<div><label for=\"wpsl-search-input\">Your location<\/label><\/div>\r\n\t\t\t\t<input id=\"wpsl-search-input\" type=\"text\" value=\"\" name=\"wpsl-search-input\" placeholder=\"Your address...\" aria-required=\"true\" \/>\r\n\t\t\t<\/div>\r\n\t\t\t\t<div class=\"wpsl-search-btn-wrap\"><input id=\"wpsl-search-btn\" type=\"submit\" value=\"Search\"><\/div>\r\n\t\t<\/form>\r\n\t\t<\/div>\r\n\t\t<div id=\"wpsl-stores\" >\r\n\t\t\t<ul><\/ul>\r\n\t\t<\/div>\r\n\t\t<div id=\"wpsl-direction-details\">\r\n\t\t\t<ul><\/ul>\r\n\t\t<\/div>\r\n\t<\/div>\r\n<\/div>\r\n<\/div>\n\t\t\t\t\t\t<\/div>\n\t\t\t\t<\/div>\n\t\t\t\t<\/div>\n\t\t\t\t<\/div>\n\t\t","protected":false},"excerpt":{"rendered":"<p>Where to Buy CVA? Explore our authorized CVA stores and find out where you can purchase our products.<\/p>\n","protected":false},"author":1,"featured_media":0,"parent":0,"menu_order":0,"comment_status":"closed","ping_status":"closed","template":"","meta":{"_acf_changed":false,"footnotes":""},"class_list":["post-3708","page","type-page","status-publish","hentry"],"acf":[],"yoast_head":"<!-- This site is optimized with the Yoast SEO plugin v24.6 - https:\/\/yoast.com\/wordpress\/plugins\/seo\/ -->\n<title>D\u00f3nde Comprar Rifles CVA | Encuentra Distribuidores Oficiales Cercanos<\/title>\n<meta name=\"description\" content=\"Localiza f\u00e1cilmente los puntos de venta autorizados de rifles CVA en tu \u00e1rea y adquiere el modelo ideal para tus necesidades de caza.\" \/>\n<meta name=\"robots\" content=\"index, follow, max-snippet:-1, max-image-preview:large, max-video-preview:-1\" \/>\n<link rel=\"canonical\" href=\"https:\/\/cvafirearms.com\/en\/donde-comprar\" \/>\n<meta property=\"og:locale\" content=\"en_US\" \/>\n<meta property=\"og:type\" content=\"article\" \/>\n<meta property=\"og:title\" content=\"D\u00f3nde Comprar Rifles CVA | Encuentra Distribuidores Oficiales Cercanos\" \/>\n<meta property=\"og:description\" content=\"Localiza f\u00e1cilmente los puntos de venta autorizados de rifles CVA en tu \u00e1rea y adquiere el modelo ideal para tus necesidades de caza.\" \/>\n<meta property=\"og:url\" content=\"https:\/\/cvafirearms.com\/en\/donde-comprar\" \/>\n<meta property=\"og:site_name\" content=\"CVA Rifles\" \/>\n<meta property=\"article:modified_time\" content=\"2025-09-05T06:55:35+00:00\" \/>\n<meta name=\"twitter:card\" content=\"summary_large_image\" \/>\n<meta name=\"twitter:label1\" content=\"Est. reading time\" \/>\n\t<meta name=\"twitter:data1\" content=\"1 minute\" \/>\n<script type=\"application\/ld+json\" class=\"yoast-schema-graph\">{\"@context\":\"https:\/\/schema.org\",\"@graph\":[{\"@type\":\"WebPage\",\"@id\":\"https:\/\/cvafirearms.com\/en\/donde-comprar\",\"url\":\"https:\/\/cvafirearms.com\/en\/donde-comprar\",\"name\":\"D\u00f3nde Comprar Rifles CVA | Encuentra Distribuidores Oficiales Cercanos\",\"isPartOf\":{\"@id\":\"https:\/\/cvafirearms.com\/en\/#website\"},\"datePublished\":\"2025-03-27T14:33:40+00:00\",\"dateModified\":\"2025-09-05T06:55:35+00:00\",\"description\":\"Localiza f\u00e1cilmente los puntos de venta autorizados de rifles CVA en tu \u00e1rea y adquiere el modelo ideal para tus necesidades de caza.\",\"breadcrumb\":{\"@id\":\"https:\/\/cvafirearms.com\/en\/donde-comprar#breadcrumb\"},\"inLanguage\":\"en-US\",\"potentialAction\":[{\"@type\":\"ReadAction\",\"target\":[\"https:\/\/cvafirearms.com\/en\/donde-comprar\"]}]},{\"@type\":\"BreadcrumbList\",\"@id\":\"https:\/\/cvafirearms.com\/en\/donde-comprar#breadcrumb\",\"itemListElement\":[{\"@type\":\"ListItem\",\"position\":1,\"name\":\"Home\",\"item\":\"https:\/\/cvafirearms.com\/en\"},{\"@type\":\"ListItem\",\"position\":2,\"name\":\"D\u00f3nde comprar\"}]},{\"@type\":\"WebSite\",\"@id\":\"https:\/\/cvafirearms.com\/en\/#website\",\"url\":\"https:\/\/cvafirearms.com\/en\/\",\"name\":\"CVA Rifles\",\"description\":\"\",\"publisher\":{\"@id\":\"https:\/\/cvafirearms.com\/en\/#organization\"},\"potentialAction\":[{\"@type\":\"SearchAction\",\"target\":{\"@type\":\"EntryPoint\",\"urlTemplate\":\"https:\/\/cvafirearms.com\/en\/?s={search_term_string}\"},\"query-input\":{\"@type\":\"PropertyValueSpecification\",\"valueRequired\":true,\"valueName\":\"search_term_string\"}}],\"inLanguage\":\"en-US\"},{\"@type\":\"Organization\",\"@id\":\"https:\/\/cvafirearms.com\/en\/#organization\",\"name\":\"CVA Rifles\",\"url\":\"https:\/\/cvafirearms.com\/en\/\",\"logo\":{\"@type\":\"ImageObject\",\"inLanguage\":\"en-US\",\"@id\":\"https:\/\/cvafirearms.com\/en\/#\/schema\/logo\/image\/\",\"url\":\"https:\/\/cvafirearms.com\/uploads\/2025\/03\/CVA-logo.png\",\"contentUrl\":\"https:\/\/cvafirearms.com\/uploads\/2025\/03\/CVA-logo.png\",\"width\":204,\"height\":162,\"caption\":\"CVA Rifles\"},\"image\":{\"@id\":\"https:\/\/cvafirearms.com\/en\/#\/schema\/logo\/image\/\"}}]}<\/script>\n<!-- \/ Yoast SEO plugin. -->","yoast_head_json":{"title":"D\u00f3nde Comprar Rifles CVA | Encuentra Distribuidores Oficiales Cercanos","description":"Localiza f\u00e1cilmente los puntos de venta autorizados de rifles CVA en tu \u00e1rea y adquiere el modelo ideal para tus necesidades de caza.","robots":{"index":"index","follow":"follow","max-snippet":"max-snippet:-1","max-image-preview":"max-image-preview:large","max-video-preview":"max-video-preview:-1"},"canonical":"https:\/\/cvafirearms.com\/en\/donde-comprar","og_locale":"en_US","og_type":"article","og_title":"D\u00f3nde Comprar Rifles CVA | Encuentra Distribuidores Oficiales Cercanos","og_description":"Localiza f\u00e1cilmente los puntos de venta autorizados de rifles CVA en tu \u00e1rea y adquiere el modelo ideal para tus necesidades de caza.","og_url":"https:\/\/cvafirearms.com\/en\/donde-comprar","og_site_name":"CVA Rifles","article_modified_time":"2025-09-05T06:55:35+00:00","twitter_card":"summary_large_image","twitter_misc":{"Est. reading time":"1 minute"},"schema":{"@context":"https:\/\/schema.org","@graph":[{"@type":"WebPage","@id":"https:\/\/cvafirearms.com\/en\/donde-comprar","url":"https:\/\/cvafirearms.com\/en\/donde-comprar","name":"D\u00f3nde Comprar Rifles CVA | Encuentra Distribuidores Oficiales Cercanos","isPartOf":{"@id":"https:\/\/cvafirearms.com\/en\/#website"},"datePublished":"2025-03-27T14:33:40+00:00","dateModified":"2025-09-05T06:55:35+00:00","description":"Localiza f\u00e1cilmente los puntos de venta autorizados de rifles CVA en tu \u00e1rea y adquiere el modelo ideal para tus necesidades de caza.","breadcrumb":{"@id":"https:\/\/cvafirearms.com\/en\/donde-comprar#breadcrumb"},"inLanguage":"en-US","potentialAction":[{"@type":"ReadAction","target":["https:\/\/cvafirearms.com\/en\/donde-comprar"]}]},{"@type":"BreadcrumbList","@id":"https:\/\/cvafirearms.com\/en\/donde-comprar#breadcrumb","itemListElement":[{"@type":"ListItem","position":1,"name":"Home","item":"https:\/\/cvafirearms.com\/en"},{"@type":"ListItem","position":2,"name":"D\u00f3nde comprar"}]},{"@type":"WebSite","@id":"https:\/\/cvafirearms.com\/en\/#website","url":"https:\/\/cvafirearms.com\/en\/","name":"CVA Rifles","description":"","publisher":{"@id":"https:\/\/cvafirearms.com\/en\/#organization"},"potentialAction":[{"@type":"SearchAction","target":{"@type":"EntryPoint","urlTemplate":"https:\/\/cvafirearms.com\/en\/?s={search_term_string}"},"query-input":{"@type":"PropertyValueSpecification","valueRequired":true,"valueName":"search_term_string"}}],"inLanguage":"en-US"},{"@type":"Organization","@id":"https:\/\/cvafirearms.com\/en\/#organization","name":"CVA Rifles","url":"https:\/\/cvafirearms.com\/en\/","logo":{"@type":"ImageObject","inLanguage":"en-US","@id":"https:\/\/cvafirearms.com\/en\/#\/schema\/logo\/image\/","url":"https:\/\/cvafirearms.com\/uploads\/2025\/03\/CVA-logo.png","contentUrl":"https:\/\/cvafirearms.com\/uploads\/2025\/03\/CVA-logo.png","width":204,"height":162,"caption":"CVA Rifles"},"image":{"@id":"https:\/\/cvafirearms.com\/en\/#\/schema\/logo\/image\/"}}]}},"_links":{"self":[{"href":"https:\/\/cvafirearms.com\/en\/wp-json\/wp\/v2\/pages\/3708","targetHints":{"allow":["GET"]}}],"collection":[{"href":"https:\/\/cvafirearms.com\/en\/wp-json\/wp\/v2\/pages"}],"about":[{"href":"https:\/\/cvafirearms.com\/en\/wp-json\/wp\/v2\/types\/page"}],"author":[{"embeddable":true,"href":"https:\/\/cvafirearms.com\/en\/wp-json\/wp\/v2\/users\/1"}],"replies":[{"embeddable":true,"href":"https:\/\/cvafirearms.com\/en\/wp-json\/wp\/v2\/comments?post=3708"}],"version-history":[{"count":4,"href":"https:\/\/cvafirearms.com\/en\/wp-json\/wp\/v2\/pages\/3708\/revisions"}],"predecessor-version":[{"id":3789,"href":"https:\/\/cvafirearms.com\/en\/wp-json\/wp\/v2\/pages\/3708\/revisions\/3789"}],"wp:attachment":[{"href":"https:\/\/cvafirearms.com\/en\/wp-json\/wp\/v2\/media?parent=3708"}],"curies":[{"name":"wp","href":"https:\/\/api.w.org\/{rel}","templated":true}]}}