{"id":3719,"date":"2025-02-20T10:19:10","date_gmt":"2025-02-20T10:19:10","guid":{"rendered":"https:\/\/cvafirearms.com\/quienes-somos"},"modified":"2025-09-09T08:53:23","modified_gmt":"2025-09-09T08:53:23","slug":"quienes-somos","status":"publish","type":"page","link":"https:\/\/cvafirearms.com\/en\/quienes-somos","title":{"rendered":"Quienes somos"},"content":{"rendered":"\t\t<div data-elementor-type=\"wp-page\" data-elementor-id=\"3719\" class=\"elementor elementor-3719 elementor-354\" data-elementor-settings=\"{&quot;element_pack_global_tooltip_width&quot;:{&quot;unit&quot;:&quot;px&quot;,&quot;size&quot;:&quot;&quot;,&quot;sizes&quot;:[]},&quot;element_pack_global_tooltip_width_tablet&quot;:{&quot;unit&quot;:&quot;px&quot;,&quot;size&quot;:&quot;&quot;,&quot;sizes&quot;:[]},&quot;element_pack_global_tooltip_width_mobile&quot;:{&quot;unit&quot;:&quot;px&quot;,&quot;size&quot;:&quot;&quot;,&quot;sizes&quot;:[]},&quot;element_pack_global_tooltip_padding&quot;:{&quot;unit&quot;:&quot;px&quot;,&quot;top&quot;:&quot;&quot;,&quot;right&quot;:&quot;&quot;,&quot;bottom&quot;:&quot;&quot;,&quot;left&quot;:&quot;&quot;,&quot;isLinked&quot;:true},&quot;element_pack_global_tooltip_padding_tablet&quot;:{&quot;unit&quot;:&quot;px&quot;,&quot;top&quot;:&quot;&quot;,&quot;right&quot;:&quot;&quot;,&quot;bottom&quot;:&quot;&quot;,&quot;left&quot;:&quot;&quot;,&quot;isLinked&quot;:true},&quot;element_pack_global_tooltip_padding_mobile&quot;:{&quot;unit&quot;:&quot;px&quot;,&quot;top&quot;:&quot;&quot;,&quot;right&quot;:&quot;&quot;,&quot;bottom&quot;:&quot;&quot;,&quot;left&quot;:&quot;&quot;,&quot;isLinked&quot;:true},&quot;element_pack_global_tooltip_border_radius&quot;:{&quot;unit&quot;:&quot;px&quot;,&quot;top&quot;:&quot;&quot;,&quot;right&quot;:&quot;&quot;,&quot;bottom&quot;:&quot;&quot;,&quot;left&quot;:&quot;&quot;,&quot;isLinked&quot;:true},&quot;element_pack_global_tooltip_border_radius_tablet&quot;:{&quot;unit&quot;:&quot;px&quot;,&quot;top&quot;:&quot;&quot;,&quot;right&quot;:&quot;&quot;,&quot;bottom&quot;:&quot;&quot;,&quot;left&quot;:&quot;&quot;,&quot;isLinked&quot;:true},&quot;element_pack_global_tooltip_border_radius_mobile&quot;:{&quot;unit&quot;:&quot;px&quot;,&quot;top&quot;:&quot;&quot;,&quot;right&quot;:&quot;&quot;,&quot;bottom&quot;:&quot;&quot;,&quot;left&quot;:&quot;&quot;,&quot;isLinked&quot;:true}}\">\n\t\t\t\t\t\t<div class=\"elementor-section elementor-top-section elementor-element elementor-element-42c70b8 elementor-section-boxed elementor-section-height-default elementor-section-height-default\" data-id=\"42c70b8\" data-element_type=\"section\" data-settings=\"{&quot;background_background&quot;:&quot;classic&quot;,&quot;section_fluid_on&quot;:&quot;yes&quot;}\">\n\t\t\t\t\t\t<div class=\"elementor-container elementor-column-gap-default\">\n\t\t\t\t\t<div class=\"elementor-column elementor-col-100 elementor-top-column elementor-element elementor-element-4225110\" data-id=\"4225110\" data-element_type=\"column\">\n\t\t\t<div class=\"elementor-widget-wrap elementor-element-populated\">\n\t\t\t\t\t\t<div class=\"elementor-element elementor-element-9e7f95f elementor-widget elementor-widget-heading\" data-id=\"9e7f95f\" data-element_type=\"widget\" data-widget_type=\"heading.default\">\n\t\t\t\t<div class=\"elementor-widget-container\">\n\t\t\t\t\t<h1 class=\"elementor-heading-title elementor-size-default\">CVA: EVERY SEASON, EVERY RANGE<\/h1>\t\t\t\t<\/div>\n\t\t\t\t<\/div>\n\t\t\t\t<div class=\"elementor-element elementor-element-926e108 elementor-widget__width-initial elementor-widget-tablet__width-initial elementor-widget-mobile__width-inherit elementor-widget elementor-widget-text-editor\" data-id=\"926e108\" data-element_type=\"widget\" data-widget_type=\"text-editor.default\">\n\t\t\t\t<div class=\"elementor-widget-container\">\n\t\t\t\t\t\t\t\t\t<p>Since 1971<\/p>\t\t\t\t\t\t\t\t<\/div>\n\t\t\t\t<\/div>\n\t\t\t\t<div class=\"elementor-element elementor-element-fec24f8 elementor-widget elementor-widget-image\" data-id=\"fec24f8\" data-element_type=\"widget\" data-widget_type=\"image.default\">\n\t\t\t\t<div class=\"elementor-widget-container\">\n\t\t\t\t\t\t\t\t\t\t\t\t\t\t\t<img fetchpriority=\"high\" decoding=\"async\" width=\"1343\" height=\"755\" src=\"https:\/\/cvafirearms.com\/uploads\/2025\/02\/quienes-main.jpg\" class=\"attachment-full size-full wp-image-369\" alt=\"foto rigle wolf\" srcset=\"https:\/\/cvafirearms.com\/uploads\/2025\/02\/quienes-main.jpg 1343w, https:\/\/cvafirearms.com\/uploads\/2025\/02\/quienes-main-300x169.jpg 300w, https:\/\/cvafirearms.com\/uploads\/2025\/02\/quienes-main-1024x576.jpg 1024w, https:\/\/cvafirearms.com\/uploads\/2025\/02\/quienes-main-768x432.jpg 768w, https:\/\/cvafirearms.com\/uploads\/2025\/02\/quienes-main-650x365.jpg 650w\" sizes=\"(max-width: 1343px) 100vw, 1343px\" \/>\t\t\t\t\t\t\t\t\t\t\t\t\t\t\t<\/div>\n\t\t\t\t<\/div>\n\t\t<div class=\"elementor-element elementor-element-a83ed0d e-grid e-con-full e-con e-parent\" data-id=\"a83ed0d\" data-element_type=\"container\">\n\t\t\t\t<div class=\"elementor-element elementor-element-7fb97dc elementor-widget elementor-widget-heading\" data-id=\"7fb97dc\" data-element_type=\"widget\" data-widget_type=\"heading.default\">\n\t\t\t\t<div class=\"elementor-widget-container\">\n\t\t\t\t\t<h2 class=\"elementor-heading-title elementor-size-default\">Honoring the legacy. Shaping the future of hunting.<\/h2>\t\t\t\t<\/div>\n\t\t\t\t<\/div>\n\t\t\t\t<div class=\"elementor-element elementor-element-6ace37c elementor-widget elementor-widget-text-editor\" data-id=\"6ace37c\" data-element_type=\"widget\" data-widget_type=\"text-editor.default\">\n\t\t\t\t<div class=\"elementor-widget-container\">\n\t\t\t\t\t\t\t\t\t<p><strong>Founded in 1971 as Connecticut Valley Arms, CVA began by manufacturing traditional muzzleloaders, quickly earning a reputation for high performance at unmatched prices.<\/strong><\/p><p>In 2003, following its acquisition by Dikar S. Coop, the brand took a major leap forward\u2014integrating innovation and modernization into its designs. This transformation solidified CVA as the global leader in black powder rifles, holding the No. 1 sales position for over 20 years.<\/p><p>Over the years, our product offering has expanded to include bolt-action rifles, widely recognized for their accuracy and reliability in the U.S. market. Today, CVA features a specialized catalog that includes bolt-actions, single-shots, muzzleloaders, and shotguns\u2014engineered to meet the needs of every hunter, across all seasons and terrains.<\/p><p>In 2025, we took the next step toward international expansion, launching in France and Spain\u2014marking the beginning of CVA\u2019s journey from a leading American brand to a global presence. This was the first step in a long-term strategy to introduce CVA to new markets year after year, with our sights set on continued growth throughout Europe and beyond.<\/p>\t\t\t\t\t\t\t\t<\/div>\n\t\t\t\t<\/div>\n\t\t\t\t<\/div>\n\t\t<div class=\"elementor-element elementor-element-06ce882 e-grid e-con-boxed e-con e-parent\" data-id=\"06ce882\" data-element_type=\"container\">\n\t\t\t\t\t<div class=\"e-con-inner\">\n\t\t<div class=\"elementor-element elementor-element-ce49ef1 e-con-full e-flex e-con e-child\" data-id=\"ce49ef1\" data-element_type=\"container\">\n\t\t\t\t<div class=\"elementor-element elementor-element-4cdd2b1 elementor-widget elementor-widget-text-editor\" data-id=\"4cdd2b1\" data-element_type=\"widget\" data-widget_type=\"text-editor.default\">\n\t\t\t\t<div class=\"elementor-widget-container\">\n\t\t\t\t\t\t\t\t\t<h2 id=\"ep-142b448\" class=\"elementor-heading-title elementor-size-default elementor-inline-editing pen\" style=\"text-align: center;\" contenteditable=\"true\" data-elementor-setting-key=\"title\" data-pen-placeholder=\"Teclea aqu\u00ed...\"><span style=\"color: #ffffff;\">At CVA, every rifle stands for<\/span><span style=\"color: #f8c42a;\"> <strong>reliability, ruggedness, and exceptional performance.<\/strong> <\/span><span style=\"color: #ffffff;\">Because a CVA rifle isn\u2019t just a hunting tool\u2014it\u2019s the best choice for every season, in every terrain. \u00a0A CVA rifle is simply better. <span style=\"color: #f8c42a;\">\u00a0CVA: Built to perform. Trusted to endure<\/span><\/span><\/h2>\t\t\t\t\t\t\t\t<\/div>\n\t\t\t\t<\/div>\n\t\t\t\t<\/div>\n\t\t\t\t\t<\/div>\n\t\t\t\t<\/div>\n\t\t\t\t\t<\/div>\n\t\t<\/div>\n\t\t\t\t\t<\/div>\n\t\t<\/div>\n\t\t\t\t<div class=\"elementor-section elementor-top-section elementor-element elementor-element-5bd8ae8 elementor-section-height-min-height elementor-section-boxed elementor-section-height-default elementor-section-items-middle\" data-id=\"5bd8ae8\" data-element_type=\"section\" data-settings=\"{&quot;background_background&quot;:&quot;classic&quot;}\">\n\t\t\t\t\t\t\t<div class=\"elementor-background-overlay\"><\/div>\n\t\t\t\t\t\t\t<div class=\"elementor-container elementor-column-gap-default\">\n\t\t\t\t\t<div class=\"elementor-column elementor-col-100 elementor-top-column elementor-element elementor-element-d924832\" data-id=\"d924832\" data-element_type=\"column\">\n\t\t\t<div class=\"elementor-widget-wrap elementor-element-populated\">\n\t\t\t\t\t\t<div class=\"elementor-element elementor-element-3a2a1f1 elementor-widget elementor-widget-spacer\" data-id=\"3a2a1f1\" data-element_type=\"widget\" data-widget_type=\"spacer.default\">\n\t\t\t\t<div class=\"elementor-widget-container\">\n\t\t\t\t\t\t\t<div class=\"elementor-spacer\">\n\t\t\t<div class=\"elementor-spacer-inner\"><\/div>\n\t\t<\/div>\n\t\t\t\t\t\t<\/div>\n\t\t\t\t<\/div>\n\t\t\t\t\t<\/div>\n\t\t<\/div>\n\t\t\t\t\t<\/div>\n\t\t<\/div>\n\t\t\t\t<\/div>\n\t\t","protected":false},"excerpt":{"rendered":"<p>CVA: EVERY SEASON, EVERY RANGE Since 1971 Honoring the legacy. Shaping the future of hunting. Founded in 1971 as Connecticut Valley Arms, [&hellip;]<\/p>\n","protected":false},"author":1,"featured_media":1557,"parent":0,"menu_order":0,"comment_status":"closed","ping_status":"closed","template":"","meta":{"_acf_changed":false,"footnotes":""},"class_list":["post-3719","page","type-page","status-publish","has-post-thumbnail","hentry"],"acf":[],"yoast_head":"<!-- This site is optimized with the Yoast SEO plugin v24.6 - https:\/\/yoast.com\/wordpress\/plugins\/seo\/ -->\n<title>Tradici\u00f3n e Innovaci\u00f3n en Rifles de Caza | CVA<\/title>\n<meta name=\"description\" content=\"Descubre la historia de CVA, l\u00edder en rifles de caza, combinando tradici\u00f3n e innovaci\u00f3n para ofrecer armas de alta calidad.\" \/>\n<meta name=\"robots\" content=\"index, follow, max-snippet:-1, max-image-preview:large, max-video-preview:-1\" \/>\n<link rel=\"canonical\" href=\"https:\/\/cvafirearms.com\/en\/quienes-somos\" \/>\n<meta property=\"og:locale\" content=\"en_US\" \/>\n<meta property=\"og:type\" content=\"article\" \/>\n<meta property=\"og:title\" content=\"Tradici\u00f3n e Innovaci\u00f3n en Rifles de Caza | CVA\" \/>\n<meta property=\"og:description\" content=\"Descubre la historia de CVA, l\u00edder en rifles de caza, combinando tradici\u00f3n e innovaci\u00f3n para ofrecer armas de alta calidad.\" \/>\n<meta property=\"og:url\" content=\"https:\/\/cvafirearms.com\/en\/quienes-somos\" \/>\n<meta property=\"og:site_name\" content=\"CVA Rifles\" \/>\n<meta property=\"article:modified_time\" content=\"2025-09-09T08:53:23+00:00\" \/>\n<meta property=\"og:image\" content=\"https:\/\/cvafirearms.com\/uploads\/2025\/03\/CVA-logo.png\" \/>\n\t<meta property=\"og:image:width\" content=\"204\" \/>\n\t<meta property=\"og:image:height\" content=\"162\" \/>\n\t<meta property=\"og:image:type\" content=\"image\/png\" \/>\n<meta name=\"twitter:card\" content=\"summary_large_image\" \/>\n<meta name=\"twitter:label1\" content=\"Est. reading time\" \/>\n\t<meta name=\"twitter:data1\" content=\"2 minutes\" \/>\n<script type=\"application\/ld+json\" class=\"yoast-schema-graph\">{\"@context\":\"https:\/\/schema.org\",\"@graph\":[{\"@type\":\"WebPage\",\"@id\":\"https:\/\/cvafirearms.com\/en\/quienes-somos\",\"url\":\"https:\/\/cvafirearms.com\/en\/quienes-somos\",\"name\":\"Tradici\u00f3n e Innovaci\u00f3n en Rifles de Caza | CVA\",\"isPartOf\":{\"@id\":\"https:\/\/cvafirearms.com\/en\/#website\"},\"primaryImageOfPage\":{\"@id\":\"https:\/\/cvafirearms.com\/en\/quienes-somos#primaryimage\"},\"image\":{\"@id\":\"https:\/\/cvafirearms.com\/en\/quienes-somos#primaryimage\"},\"thumbnailUrl\":\"https:\/\/cvafirearms.com\/uploads\/2025\/03\/CVA-logo.png\",\"datePublished\":\"2025-02-20T10:19:10+00:00\",\"dateModified\":\"2025-09-09T08:53:23+00:00\",\"description\":\"Descubre la historia de CVA, l\u00edder en rifles de caza, combinando tradici\u00f3n e innovaci\u00f3n para ofrecer armas de alta calidad.\",\"breadcrumb\":{\"@id\":\"https:\/\/cvafirearms.com\/en\/quienes-somos#breadcrumb\"},\"inLanguage\":\"en-US\",\"potentialAction\":[{\"@type\":\"ReadAction\",\"target\":[\"https:\/\/cvafirearms.com\/en\/quienes-somos\"]}]},{\"@type\":\"ImageObject\",\"inLanguage\":\"en-US\",\"@id\":\"https:\/\/cvafirearms.com\/en\/quienes-somos#primaryimage\",\"url\":\"https:\/\/cvafirearms.com\/uploads\/2025\/03\/CVA-logo.png\",\"contentUrl\":\"https:\/\/cvafirearms.com\/uploads\/2025\/03\/CVA-logo.png\",\"width\":204,\"height\":162,\"caption\":\"logo cva peque\u00f1o\"},{\"@type\":\"BreadcrumbList\",\"@id\":\"https:\/\/cvafirearms.com\/en\/quienes-somos#breadcrumb\",\"itemListElement\":[{\"@type\":\"ListItem\",\"position\":1,\"name\":\"Home\",\"item\":\"https:\/\/cvafirearms.com\/en\"},{\"@type\":\"ListItem\",\"position\":2,\"name\":\"Quienes somos\"}]},{\"@type\":\"WebSite\",\"@id\":\"https:\/\/cvafirearms.com\/en\/#website\",\"url\":\"https:\/\/cvafirearms.com\/en\/\",\"name\":\"CVA Rifles\",\"description\":\"\",\"publisher\":{\"@id\":\"https:\/\/cvafirearms.com\/en\/#organization\"},\"potentialAction\":[{\"@type\":\"SearchAction\",\"target\":{\"@type\":\"EntryPoint\",\"urlTemplate\":\"https:\/\/cvafirearms.com\/en\/?s={search_term_string}\"},\"query-input\":{\"@type\":\"PropertyValueSpecification\",\"valueRequired\":true,\"valueName\":\"search_term_string\"}}],\"inLanguage\":\"en-US\"},{\"@type\":\"Organization\",\"@id\":\"https:\/\/cvafirearms.com\/en\/#organization\",\"name\":\"CVA Rifles\",\"url\":\"https:\/\/cvafirearms.com\/en\/\",\"logo\":{\"@type\":\"ImageObject\",\"inLanguage\":\"en-US\",\"@id\":\"https:\/\/cvafirearms.com\/en\/#\/schema\/logo\/image\/\",\"url\":\"https:\/\/cvafirearms.com\/uploads\/2025\/03\/CVA-logo.png\",\"contentUrl\":\"https:\/\/cvafirearms.com\/uploads\/2025\/03\/CVA-logo.png\",\"width\":204,\"height\":162,\"caption\":\"CVA Rifles\"},\"image\":{\"@id\":\"https:\/\/cvafirearms.com\/en\/#\/schema\/logo\/image\/\"}}]}<\/script>\n<!-- \/ Yoast SEO plugin. -->","yoast_head_json":{"title":"Tradici\u00f3n e Innovaci\u00f3n en Rifles de Caza | CVA","description":"Descubre la historia de CVA, l\u00edder en rifles de caza, combinando tradici\u00f3n e innovaci\u00f3n para ofrecer armas de alta calidad.","robots":{"index":"index","follow":"follow","max-snippet":"max-snippet:-1","max-image-preview":"max-image-preview:large","max-video-preview":"max-video-preview:-1"},"canonical":"https:\/\/cvafirearms.com\/en\/quienes-somos","og_locale":"en_US","og_type":"article","og_title":"Tradici\u00f3n e Innovaci\u00f3n en Rifles de Caza | CVA","og_description":"Descubre la historia de CVA, l\u00edder en rifles de caza, combinando tradici\u00f3n e innovaci\u00f3n para ofrecer armas de alta calidad.","og_url":"https:\/\/cvafirearms.com\/en\/quienes-somos","og_site_name":"CVA Rifles","article_modified_time":"2025-09-09T08:53:23+00:00","og_image":[{"width":204,"height":162,"url":"https:\/\/cvafirearms.com\/uploads\/2025\/03\/CVA-logo.png","type":"image\/png"}],"twitter_card":"summary_large_image","twitter_misc":{"Est. reading time":"2 minutes"},"schema":{"@context":"https:\/\/schema.org","@graph":[{"@type":"WebPage","@id":"https:\/\/cvafirearms.com\/en\/quienes-somos","url":"https:\/\/cvafirearms.com\/en\/quienes-somos","name":"Tradici\u00f3n e Innovaci\u00f3n en Rifles de Caza | CVA","isPartOf":{"@id":"https:\/\/cvafirearms.com\/en\/#website"},"primaryImageOfPage":{"@id":"https:\/\/cvafirearms.com\/en\/quienes-somos#primaryimage"},"image":{"@id":"https:\/\/cvafirearms.com\/en\/quienes-somos#primaryimage"},"thumbnailUrl":"https:\/\/cvafirearms.com\/uploads\/2025\/03\/CVA-logo.png","datePublished":"2025-02-20T10:19:10+00:00","dateModified":"2025-09-09T08:53:23+00:00","description":"Descubre la historia de CVA, l\u00edder en rifles de caza, combinando tradici\u00f3n e innovaci\u00f3n para ofrecer armas de alta calidad.","breadcrumb":{"@id":"https:\/\/cvafirearms.com\/en\/quienes-somos#breadcrumb"},"inLanguage":"en-US","potentialAction":[{"@type":"ReadAction","target":["https:\/\/cvafirearms.com\/en\/quienes-somos"]}]},{"@type":"ImageObject","inLanguage":"en-US","@id":"https:\/\/cvafirearms.com\/en\/quienes-somos#primaryimage","url":"https:\/\/cvafirearms.com\/uploads\/2025\/03\/CVA-logo.png","contentUrl":"https:\/\/cvafirearms.com\/uploads\/2025\/03\/CVA-logo.png","width":204,"height":162,"caption":"logo cva peque\u00f1o"},{"@type":"BreadcrumbList","@id":"https:\/\/cvafirearms.com\/en\/quienes-somos#breadcrumb","itemListElement":[{"@type":"ListItem","position":1,"name":"Home","item":"https:\/\/cvafirearms.com\/en"},{"@type":"ListItem","position":2,"name":"Quienes somos"}]},{"@type":"WebSite","@id":"https:\/\/cvafirearms.com\/en\/#website","url":"https:\/\/cvafirearms.com\/en\/","name":"CVA Rifles","description":"","publisher":{"@id":"https:\/\/cvafirearms.com\/en\/#organization"},"potentialAction":[{"@type":"SearchAction","target":{"@type":"EntryPoint","urlTemplate":"https:\/\/cvafirearms.com\/en\/?s={search_term_string}"},"query-input":{"@type":"PropertyValueSpecification","valueRequired":true,"valueName":"search_term_string"}}],"inLanguage":"en-US"},{"@type":"Organization","@id":"https:\/\/cvafirearms.com\/en\/#organization","name":"CVA Rifles","url":"https:\/\/cvafirearms.com\/en\/","logo":{"@type":"ImageObject","inLanguage":"en-US","@id":"https:\/\/cvafirearms.com\/en\/#\/schema\/logo\/image\/","url":"https:\/\/cvafirearms.com\/uploads\/2025\/03\/CVA-logo.png","contentUrl":"https:\/\/cvafirearms.com\/uploads\/2025\/03\/CVA-logo.png","width":204,"height":162,"caption":"CVA Rifles"},"image":{"@id":"https:\/\/cvafirearms.com\/en\/#\/schema\/logo\/image\/"}}]}},"_links":{"self":[{"href":"https:\/\/cvafirearms.com\/en\/wp-json\/wp\/v2\/pages\/3719","targetHints":{"allow":["GET"]}}],"collection":[{"href":"https:\/\/cvafirearms.com\/en\/wp-json\/wp\/v2\/pages"}],"about":[{"href":"https:\/\/cvafirearms.com\/en\/wp-json\/wp\/v2\/types\/page"}],"author":[{"embeddable":true,"href":"https:\/\/cvafirearms.com\/en\/wp-json\/wp\/v2\/users\/1"}],"replies":[{"embeddable":true,"href":"https:\/\/cvafirearms.com\/en\/wp-json\/wp\/v2\/comments?post=3719"}],"version-history":[{"count":7,"href":"https:\/\/cvafirearms.com\/en\/wp-json\/wp\/v2\/pages\/3719\/revisions"}],"predecessor-version":[{"id":4183,"href":"https:\/\/cvafirearms.com\/en\/wp-json\/wp\/v2\/pages\/3719\/revisions\/4183"}],"wp:featuredmedia":[{"embeddable":true,"href":"https:\/\/cvafirearms.com\/en\/wp-json\/wp\/v2\/media\/1557"}],"wp:attachment":[{"href":"https:\/\/cvafirearms.com\/en\/wp-json\/wp\/v2\/media?parent=3719"}],"curies":[{"name":"wp","href":"https:\/\/api.w.org\/{rel}","templated":true}]}}