{"id":2217,"date":"2025-02-21T07:32:53","date_gmt":"2025-02-21T07:32:53","guid":{"rendered":"https:\/\/cvafirearms.com\/contacto"},"modified":"2026-01-30T10:47:35","modified_gmt":"2026-01-30T10:47:35","slug":"contacto","status":"publish","type":"page","link":"https:\/\/cvafirearms.com\/fr\/contacto","title":{"rendered":"Contacto"},"content":{"rendered":"\t\t<div data-elementor-type=\"wp-page\" data-elementor-id=\"2217\" class=\"elementor elementor-2217 elementor-689\" data-elementor-settings=\"{&quot;element_pack_global_tooltip_width&quot;:{&quot;unit&quot;:&quot;px&quot;,&quot;size&quot;:&quot;&quot;,&quot;sizes&quot;:[]},&quot;element_pack_global_tooltip_width_tablet&quot;:{&quot;unit&quot;:&quot;px&quot;,&quot;size&quot;:&quot;&quot;,&quot;sizes&quot;:[]},&quot;element_pack_global_tooltip_width_mobile&quot;:{&quot;unit&quot;:&quot;px&quot;,&quot;size&quot;:&quot;&quot;,&quot;sizes&quot;:[]},&quot;element_pack_global_tooltip_padding&quot;:{&quot;unit&quot;:&quot;px&quot;,&quot;top&quot;:&quot;&quot;,&quot;right&quot;:&quot;&quot;,&quot;bottom&quot;:&quot;&quot;,&quot;left&quot;:&quot;&quot;,&quot;isLinked&quot;:true},&quot;element_pack_global_tooltip_padding_tablet&quot;:{&quot;unit&quot;:&quot;px&quot;,&quot;top&quot;:&quot;&quot;,&quot;right&quot;:&quot;&quot;,&quot;bottom&quot;:&quot;&quot;,&quot;left&quot;:&quot;&quot;,&quot;isLinked&quot;:true},&quot;element_pack_global_tooltip_padding_mobile&quot;:{&quot;unit&quot;:&quot;px&quot;,&quot;top&quot;:&quot;&quot;,&quot;right&quot;:&quot;&quot;,&quot;bottom&quot;:&quot;&quot;,&quot;left&quot;:&quot;&quot;,&quot;isLinked&quot;:true},&quot;element_pack_global_tooltip_border_radius&quot;:{&quot;unit&quot;:&quot;px&quot;,&quot;top&quot;:&quot;&quot;,&quot;right&quot;:&quot;&quot;,&quot;bottom&quot;:&quot;&quot;,&quot;left&quot;:&quot;&quot;,&quot;isLinked&quot;:true},&quot;element_pack_global_tooltip_border_radius_tablet&quot;:{&quot;unit&quot;:&quot;px&quot;,&quot;top&quot;:&quot;&quot;,&quot;right&quot;:&quot;&quot;,&quot;bottom&quot;:&quot;&quot;,&quot;left&quot;:&quot;&quot;,&quot;isLinked&quot;:true},&quot;element_pack_global_tooltip_border_radius_mobile&quot;:{&quot;unit&quot;:&quot;px&quot;,&quot;top&quot;:&quot;&quot;,&quot;right&quot;:&quot;&quot;,&quot;bottom&quot;:&quot;&quot;,&quot;left&quot;:&quot;&quot;,&quot;isLinked&quot;:true}}\">\n\t\t\t\t\t\t<div class=\"elementor-section elementor-top-section elementor-element elementor-element-1af336c6 elementor-section-boxed elementor-section-height-default elementor-section-height-default\" data-id=\"1af336c6\" data-element_type=\"section\" data-settings=\"{&quot;background_background&quot;:&quot;classic&quot;}\">\n\t\t\t\t\t\t<div class=\"elementor-container elementor-column-gap-default\">\n\t\t\t\t\t<div class=\"elementor-column elementor-col-100 elementor-top-column elementor-element elementor-element-970355a\" data-id=\"970355a\" data-element_type=\"column\">\n\t\t\t<div class=\"elementor-widget-wrap\">\n\t\t\t\t\t\t\t<\/div>\n\t\t<\/div>\n\t\t\t\t\t<\/div>\n\t\t<\/div>\n\t\t\t\t<section class=\"elementor-section elementor-top-section elementor-element elementor-element-227038f0 elementor-section-full_width elementor-section-height-default elementor-section-height-default\" data-id=\"227038f0\" data-element_type=\"section\" data-settings=\"{&quot;background_background&quot;:&quot;classic&quot;,&quot;animation&quot;:&quot;none&quot;}\">\n\t\t\t\t\t\t<div class=\"elementor-container elementor-column-gap-default\">\n\t\t\t\t\t<div class=\"elementor-column elementor-col-100 elementor-top-column elementor-element elementor-element-18699f0b\" data-id=\"18699f0b\" data-element_type=\"column\" data-settings=\"{&quot;animation&quot;:&quot;none&quot;}\">\n\t\t\t<div class=\"elementor-widget-wrap elementor-element-populated\">\n\t\t\t\t\t\t<div class=\"elementor-element elementor-element-1f50a0f1 elementor-widget elementor-widget-spacer\" data-id=\"1f50a0f1\" data-element_type=\"widget\" data-widget_type=\"spacer.default\">\n\t\t\t\t<div class=\"elementor-widget-container\">\n\t\t\t\t\t\t\t<div class=\"elementor-spacer\">\n\t\t\t<div class=\"elementor-spacer-inner\"><\/div>\n\t\t<\/div>\n\t\t\t\t\t\t<\/div>\n\t\t\t\t<\/div>\n\t\t\t\t<div class=\"elementor-element elementor-element-70c06df0 animated-slow  ui-split-animate ui-splitby-chars elementor-widget elementor-widget-heading\" data-id=\"70c06df0\" data-element_type=\"widget\" data-settings=\"{&quot;_animation_delay&quot;:750,&quot;ui_animate_split&quot;:&quot;ui-split-animate&quot;,&quot;_animation&quot;:&quot;none&quot;,&quot;ui_animate_split_by&quot;:&quot;chars&quot;,&quot;ui_animate_split_style&quot;:&quot;fadeInUp&quot;}\" data-widget_type=\"heading.default\">\n\t\t\t\t<div class=\"elementor-widget-container\">\n\t\t\t\t\t<h1 class=\"elementor-heading-title elementor-size-default\">N'h\u00e9sitez pas \u00e0 nous contacter !<\/h1>\t\t\t\t<\/div>\n\t\t\t\t<\/div>\n\t\t\t\t<div class=\"elementor-element elementor-element-58d90c9b elementor-widget elementor-widget-spacer\" data-id=\"58d90c9b\" data-element_type=\"widget\" data-widget_type=\"spacer.default\">\n\t\t\t\t<div class=\"elementor-widget-container\">\n\t\t\t\t\t\t\t<div class=\"elementor-spacer\">\n\t\t\t<div class=\"elementor-spacer-inner\"><\/div>\n\t\t<\/div>\n\t\t\t\t\t\t<\/div>\n\t\t\t\t<\/div>\n\t\t\t\t<div class=\"elementor-element elementor-element-384b21d elementor-widget__width-initial  ui-split-animate ui-splitby-lines elementor-widget elementor-widget-text-editor\" data-id=\"384b21d\" data-element_type=\"widget\" data-settings=\"{&quot;_animation_delay&quot;:500,&quot;ui_animate_split&quot;:&quot;ui-split-animate&quot;,&quot;ui_animate_split_by&quot;:&quot;lines&quot;,&quot;_animation&quot;:&quot;none&quot;,&quot;ui_animate_split_style&quot;:&quot;fadeInUp&quot;}\" data-widget_type=\"text-editor.default\">\n\t\t\t\t<div class=\"elementor-widget-container\">\n\t\t\t\t\t\t\t\t\t<p>\u00a0<\/p><p>La marque CVA est distribu\u00e9e en Espagne par BPI OUTDOORS, qui fait partie de DIKAR HOLDING. Veuillez nous contacter via ce formulaire et nous vous contacterons dans les 48 heures afin de vous offrir le meilleur service possible. Ce formulaire ne sera pas utilis\u00e9 pour r\u00e9soudre des probl\u00e8mes d&#8217;assistance technique.<\/p>\t\t\t\t\t\t\t\t<\/div>\n\t\t\t\t<\/div>\n\t\t\t\t\t<\/div>\n\t\t<\/div>\n\t\t\t\t\t<\/div>\n\t\t<\/section>\n\t\t\t\t<section class=\"elementor-section elementor-top-section elementor-element elementor-element-74a71764 elementor-section-full_width elementor-section-height-min-height elementor-section-items-bottom elementor-section-height-default\" data-id=\"74a71764\" data-element_type=\"section\" data-settings=\"{&quot;background_background&quot;:&quot;classic&quot;}\">\n\t\t\t\t\t\t<div class=\"elementor-container elementor-column-gap-no\">\n\t\t\t\t\t<div class=\"elementor-column elementor-col-100 elementor-top-column elementor-element elementor-element-1e90f8b\" data-id=\"1e90f8b\" data-element_type=\"column\">\n\t\t\t<div class=\"elementor-widget-wrap\">\n\t\t\t\t\t\t\t<\/div>\n\t\t<\/div>\n\t\t\t\t\t<\/div>\n\t\t<\/section>\n\t\t\t\t<section class=\"elementor-section elementor-top-section elementor-element elementor-element-786e504f animated-fast elementor-section-boxed elementor-section-height-default elementor-section-height-default\" data-id=\"786e504f\" data-element_type=\"section\" data-settings=\"{&quot;animation_delay&quot;:750,&quot;background_background&quot;:&quot;classic&quot;,&quot;animation&quot;:&quot;none&quot;}\">\n\t\t\t\t\t\t<div class=\"elementor-container elementor-column-gap-default\">\n\t\t\t\t\t<div class=\"elementor-column elementor-col-100 elementor-top-column elementor-element elementor-element-375a238b animated-fast\" data-id=\"375a238b\" data-element_type=\"column\" data-settings=\"{&quot;background_background&quot;:&quot;classic&quot;,&quot;animation&quot;:&quot;none&quot;,&quot;animation_delay&quot;:750}\">\n\t\t\t<div class=\"elementor-widget-wrap elementor-element-populated\">\n\t\t\t\t\t\t<div class=\"elementor-element elementor-element-410dd23 elementor-widget elementor-widget-html\" data-id=\"410dd23\" data-element_type=\"widget\" data-widget_type=\"html.default\">\n\t\t\t\t<div class=\"elementor-widget-container\">\n\t\t\t\t\t\n<div class=\"wpcf7 no-js\" id=\"wpcf7-f5729-o1\" lang=\"fr-FR\" dir=\"ltr\" data-wpcf7-id=\"5729\">\n<div class=\"screen-reader-response\"><p role=\"status\" aria-live=\"polite\" aria-atomic=\"true\"><\/p> <ul><\/ul><\/div>\n<form action=\"\/fr\/wp-json\/wp\/v2\/pages\/2217#wpcf7-f5729-o1\" method=\"post\" class=\"wpcf7-form init\" aria-label=\"Contact form\" novalidate=\"novalidate\" data-status=\"init\">\n<div style=\"display: none;\">\n<input type=\"hidden\" name=\"_wpcf7\" value=\"5729\" \/>\n<input type=\"hidden\" name=\"_wpcf7_version\" value=\"6.0.5\" \/>\n<input type=\"hidden\" name=\"_wpcf7_locale\" value=\"fr_FR\" \/>\n<input type=\"hidden\" name=\"_wpcf7_unit_tag\" value=\"wpcf7-f5729-o1\" \/>\n<input type=\"hidden\" name=\"_wpcf7_container_post\" value=\"0\" \/>\n<input type=\"hidden\" name=\"_wpcf7_posted_data_hash\" value=\"\" \/>\n<input type=\"hidden\" name=\"_wpcf7_recaptcha_response\" value=\"\" \/>\n<\/div>\n<div class=\"cf7-contenedor-maestro\">\n\t<div class=\"cf7-fila\">\n\t\t<div class=\"cf7-columna\">\n\t\t\t<p><label class=\"titulo-campo\">Pr\u00e9nom *<\/label><br \/>\n<span class=\"wpcf7-form-control-wrap\" data-name=\"nombre\"><input size=\"40\" maxlength=\"400\" class=\"wpcf7-form-control wpcf7-text wpcf7-validates-as-required\" aria-required=\"true\" aria-invalid=\"false\" value=\"\" type=\"text\" name=\"nombre\" \/><\/span>\n\t\t\t<\/p>\n\t\t<\/div>\n\t\t<div class=\"cf7-columna\">\n\t\t\t<p><label class=\"titulo-campo\">Nom de famille *<\/label><br \/>\n<span class=\"wpcf7-form-control-wrap\" data-name=\"apellido\"><input size=\"40\" maxlength=\"400\" class=\"wpcf7-form-control wpcf7-text wpcf7-validates-as-required\" aria-required=\"true\" aria-invalid=\"false\" value=\"\" type=\"text\" name=\"apellido\" \/><\/span>\n\t\t\t<\/p>\n\t\t<\/div>\n\t<\/div>\n\t<div class=\"cf7-fila\">\n\t\t<div class=\"cf7-columna\">\n\t\t\t<p><label class=\"titulo-campo\">Adresse email *<\/label><br \/>\n<span class=\"wpcf7-form-control-wrap\" data-name=\"email\"><input size=\"40\" maxlength=\"400\" class=\"wpcf7-form-control wpcf7-email wpcf7-validates-as-required wpcf7-text wpcf7-validates-as-email\" aria-required=\"true\" aria-invalid=\"false\" value=\"\" type=\"email\" name=\"email\" \/><\/span>\n\t\t\t<\/p>\n\t\t<\/div>\n\t\t<div class=\"cf7-columna\">\n\t\t\t<p><label class=\"titulo-campo\">T\u00e9l\u00e9phone *<\/label><br \/>\n<span class=\"wpcf7-form-control-wrap\" data-name=\"telefono\"><input size=\"40\" maxlength=\"400\" class=\"wpcf7-form-control wpcf7-tel wpcf7-validates-as-required wpcf7-text wpcf7-validates-as-tel\" aria-required=\"true\" aria-invalid=\"false\" value=\"\" type=\"tel\" name=\"telefono\" \/><\/span>\n\t\t\t<\/p>\n\t\t<\/div>\n\t<\/div>\n\t<div class=\"cf7-full\">\n\t\t<p><label class=\"titulo-campo\">Message *<\/label><br \/>\n<span class=\"wpcf7-form-control-wrap\" data-name=\"mensaje\"><textarea cols=\"40\" rows=\"4\" maxlength=\"2000\" class=\"wpcf7-form-control wpcf7-textarea wpcf7-validates-as-required\" aria-required=\"true\" aria-invalid=\"false\" name=\"mensaje\"><\/textarea><\/span>\n\t\t<\/p>\n\t<\/div>\n\t<div class=\"cf7-legal-area\">\n\t\t<div class=\"cf7-check-item\">\n\t\t\t<p><span class=\"wpcf7-form-control-wrap\" data-name=\"acceptance-terms\"><span class=\"wpcf7-form-control wpcf7-acceptance\"><span class=\"wpcf7-list-item\"><label><input type=\"checkbox\" name=\"acceptance-terms\" value=\"1\" aria-invalid=\"false\" \/><span class=\"wpcf7-list-item-label\">J\u2019accepte le <a href=\"https:\/\/cvafirearms.com\/fr\/politica-de-privacidad\" target=\"_blank\">politique de confidentialit\u00e9<\/a>.<\/span><\/label><\/span><\/span><\/span>\n\t\t\t<\/p>\n\t\t<\/div>\n\t\t<div class=\"cf7-check-item\">\n\t\t\t<p><input type='checkbox' id='KLCF_gdpr' name='KLCF_gdpr' value='1'>\n\t\t<label for='KLCF_gdpr'> Je souhaite recevoir des nouvelles et des communications de CVA<\/label>\n\t\t\t<\/p>\n\t\t<\/div>\n\t<\/div>\n\t<div class=\"cf7-boton-area\">\n\t\t<p><input class=\"wpcf7-form-control wpcf7-submit has-spinner\" type=\"submit\" value=\"Envoyer\" \/>\n\t\t<\/p>\n\t<\/div>\n<\/div><div class=\"wpcf7-response-output\" aria-hidden=\"true\"><\/div>\n<\/form>\n<\/div>\n\t\t\t\t<\/div>\n\t\t\t\t<\/div>\n\t\t\t\t\t<\/div>\n\t\t<\/div>\n\t\t\t\t\t<\/div>\n\t\t<\/section>\n\t\t\t\t<section class=\"elementor-section elementor-top-section elementor-element elementor-element-da6975 elementor-section-boxed elementor-section-height-default elementor-section-height-default\" data-id=\"da6975\" data-element_type=\"section\" data-settings=\"{&quot;background_background&quot;:&quot;classic&quot;}\">\n\t\t\t\t\t\t<div class=\"elementor-container elementor-column-gap-default\">\n\t\t\t\t\t<div class=\"elementor-column elementor-col-100 elementor-top-column elementor-element elementor-element-ca34a3c\" data-id=\"ca34a3c\" data-element_type=\"column\">\n\t\t\t<div class=\"elementor-widget-wrap\">\n\t\t\t\t\t\t\t<\/div>\n\t\t<\/div>\n\t\t\t\t\t<\/div>\n\t\t<\/section>\n\t\t\t\t<\/div>\n\t\t","protected":false},"excerpt":{"rendered":"<p>N&#8217;h\u00e9sitez pas \u00e0 nous contacter ! \u00a0 La marque CVA est distribu\u00e9e en Espagne par BPI OUTDOORS, qui fait partie de DIKAR [&hellip;]<\/p>\n","protected":false},"author":1,"featured_media":0,"parent":0,"menu_order":0,"comment_status":"closed","ping_status":"closed","template":"","meta":{"_acf_changed":false,"footnotes":""},"class_list":["post-2217","page","type-page","status-publish","hentry"],"acf":[],"yoast_head":"<!-- This site is optimized with the Yoast SEO plugin v24.6 - https:\/\/yoast.com\/wordpress\/plugins\/seo\/ -->\n<title>Contacto - CVA Rifles<\/title>\n<meta name=\"robots\" content=\"index, follow, max-snippet:-1, max-image-preview:large, max-video-preview:-1\" \/>\n<link rel=\"canonical\" href=\"https:\/\/cvafirearms.com\/fr\/contacto\" \/>\n<meta property=\"og:locale\" content=\"fr_FR\" \/>\n<meta property=\"og:type\" content=\"article\" \/>\n<meta property=\"og:title\" content=\"Contacto - CVA Rifles\" \/>\n<meta property=\"og:description\" content=\"N&#8217;h\u00e9sitez pas \u00e0 nous contacter ! \u00a0 La marque CVA est distribu\u00e9e en Espagne par BPI OUTDOORS, qui fait partie de DIKAR [&hellip;]\" \/>\n<meta property=\"og:url\" content=\"https:\/\/cvafirearms.com\/fr\/contacto\" \/>\n<meta property=\"og:site_name\" content=\"CVA Rifles\" \/>\n<meta property=\"article:modified_time\" content=\"2026-01-30T10:47:35+00:00\" \/>\n<meta name=\"twitter:card\" content=\"summary_large_image\" \/>\n<meta name=\"twitter:label1\" content=\"Est. reading time\" \/>\n\t<meta name=\"twitter:data1\" content=\"1 minute\" \/>\n<script type=\"application\/ld+json\" class=\"yoast-schema-graph\">{\"@context\":\"https:\/\/schema.org\",\"@graph\":[{\"@type\":\"WebPage\",\"@id\":\"https:\/\/cvafirearms.com\/fr\/contacto\",\"url\":\"https:\/\/cvafirearms.com\/fr\/contacto\",\"name\":\"Contacto - CVA Rifles\",\"isPartOf\":{\"@id\":\"https:\/\/cvafirearms.com\/fr#website\"},\"datePublished\":\"2025-02-21T07:32:53+00:00\",\"dateModified\":\"2026-01-30T10:47:35+00:00\",\"breadcrumb\":{\"@id\":\"https:\/\/cvafirearms.com\/fr\/contacto#breadcrumb\"},\"inLanguage\":\"fr-FR\",\"potentialAction\":[{\"@type\":\"ReadAction\",\"target\":[\"https:\/\/cvafirearms.com\/fr\/contacto\"]}]},{\"@type\":\"BreadcrumbList\",\"@id\":\"https:\/\/cvafirearms.com\/fr\/contacto#breadcrumb\",\"itemListElement\":[{\"@type\":\"ListItem\",\"position\":1,\"name\":\"Home\",\"item\":\"https:\/\/cvafirearms.com\/fr\"},{\"@type\":\"ListItem\",\"position\":2,\"name\":\"Contacto\"}]},{\"@type\":\"WebSite\",\"@id\":\"https:\/\/cvafirearms.com\/fr#website\",\"url\":\"https:\/\/cvafirearms.com\/fr\",\"name\":\"CVA Rifles\",\"description\":\"\",\"publisher\":{\"@id\":\"https:\/\/cvafirearms.com\/fr#organization\"},\"potentialAction\":[{\"@type\":\"SearchAction\",\"target\":{\"@type\":\"EntryPoint\",\"urlTemplate\":\"https:\/\/cvafirearms.com\/fr?s={search_term_string}\"},\"query-input\":{\"@type\":\"PropertyValueSpecification\",\"valueRequired\":true,\"valueName\":\"search_term_string\"}}],\"inLanguage\":\"fr-FR\"},{\"@type\":\"Organization\",\"@id\":\"https:\/\/cvafirearms.com\/fr#organization\",\"name\":\"CVA Rifles\",\"url\":\"https:\/\/cvafirearms.com\/fr\",\"logo\":{\"@type\":\"ImageObject\",\"inLanguage\":\"fr-FR\",\"@id\":\"https:\/\/cvafirearms.com\/fr#\/schema\/logo\/image\/\",\"url\":\"https:\/\/cvafirearms.com\/uploads\/2025\/03\/CVA-logo.png\",\"contentUrl\":\"https:\/\/cvafirearms.com\/uploads\/2025\/03\/CVA-logo.png\",\"width\":204,\"height\":162,\"caption\":\"CVA Rifles\"},\"image\":{\"@id\":\"https:\/\/cvafirearms.com\/fr#\/schema\/logo\/image\/\"}}]}<\/script>\n<!-- \/ Yoast SEO plugin. -->","yoast_head_json":{"title":"Contacto - CVA Rifles","robots":{"index":"index","follow":"follow","max-snippet":"max-snippet:-1","max-image-preview":"max-image-preview:large","max-video-preview":"max-video-preview:-1"},"canonical":"https:\/\/cvafirearms.com\/fr\/contacto","og_locale":"fr_FR","og_type":"article","og_title":"Contacto - CVA Rifles","og_description":"N&#8217;h\u00e9sitez pas \u00e0 nous contacter ! \u00a0 La marque CVA est distribu\u00e9e en Espagne par BPI OUTDOORS, qui fait partie de DIKAR [&hellip;]","og_url":"https:\/\/cvafirearms.com\/fr\/contacto","og_site_name":"CVA Rifles","article_modified_time":"2026-01-30T10:47:35+00:00","twitter_card":"summary_large_image","twitter_misc":{"Est. reading time":"1 minute"},"schema":{"@context":"https:\/\/schema.org","@graph":[{"@type":"WebPage","@id":"https:\/\/cvafirearms.com\/fr\/contacto","url":"https:\/\/cvafirearms.com\/fr\/contacto","name":"Contacto - CVA Rifles","isPartOf":{"@id":"https:\/\/cvafirearms.com\/fr#website"},"datePublished":"2025-02-21T07:32:53+00:00","dateModified":"2026-01-30T10:47:35+00:00","breadcrumb":{"@id":"https:\/\/cvafirearms.com\/fr\/contacto#breadcrumb"},"inLanguage":"fr-FR","potentialAction":[{"@type":"ReadAction","target":["https:\/\/cvafirearms.com\/fr\/contacto"]}]},{"@type":"BreadcrumbList","@id":"https:\/\/cvafirearms.com\/fr\/contacto#breadcrumb","itemListElement":[{"@type":"ListItem","position":1,"name":"Home","item":"https:\/\/cvafirearms.com\/fr"},{"@type":"ListItem","position":2,"name":"Contacto"}]},{"@type":"WebSite","@id":"https:\/\/cvafirearms.com\/fr#website","url":"https:\/\/cvafirearms.com\/fr","name":"CVA Rifles","description":"","publisher":{"@id":"https:\/\/cvafirearms.com\/fr#organization"},"potentialAction":[{"@type":"SearchAction","target":{"@type":"EntryPoint","urlTemplate":"https:\/\/cvafirearms.com\/fr?s={search_term_string}"},"query-input":{"@type":"PropertyValueSpecification","valueRequired":true,"valueName":"search_term_string"}}],"inLanguage":"fr-FR"},{"@type":"Organization","@id":"https:\/\/cvafirearms.com\/fr#organization","name":"CVA Rifles","url":"https:\/\/cvafirearms.com\/fr","logo":{"@type":"ImageObject","inLanguage":"fr-FR","@id":"https:\/\/cvafirearms.com\/fr#\/schema\/logo\/image\/","url":"https:\/\/cvafirearms.com\/uploads\/2025\/03\/CVA-logo.png","contentUrl":"https:\/\/cvafirearms.com\/uploads\/2025\/03\/CVA-logo.png","width":204,"height":162,"caption":"CVA Rifles"},"image":{"@id":"https:\/\/cvafirearms.com\/fr#\/schema\/logo\/image\/"}}]}},"_links":{"self":[{"href":"https:\/\/cvafirearms.com\/fr\/wp-json\/wp\/v2\/pages\/2217","targetHints":{"allow":["GET"]}}],"collection":[{"href":"https:\/\/cvafirearms.com\/fr\/wp-json\/wp\/v2\/pages"}],"about":[{"href":"https:\/\/cvafirearms.com\/fr\/wp-json\/wp\/v2\/types\/page"}],"author":[{"embeddable":true,"href":"https:\/\/cvafirearms.com\/fr\/wp-json\/wp\/v2\/users\/1"}],"replies":[{"embeddable":true,"href":"https:\/\/cvafirearms.com\/fr\/wp-json\/wp\/v2\/comments?post=2217"}],"version-history":[{"count":10,"href":"https:\/\/cvafirearms.com\/fr\/wp-json\/wp\/v2\/pages\/2217\/revisions"}],"predecessor-version":[{"id":5764,"href":"https:\/\/cvafirearms.com\/fr\/wp-json\/wp\/v2\/pages\/2217\/revisions\/5764"}],"wp:attachment":[{"href":"https:\/\/cvafirearms.com\/fr\/wp-json\/wp\/v2\/media?parent=2217"}],"curies":[{"name":"wp","href":"https:\/\/api.w.org\/{rel}","templated":true}]}}