{"id":2290,"date":"2025-02-26T19:24:12","date_gmt":"2025-02-26T19:24:12","guid":{"rendered":"https:\/\/cvafirearms.com\/politica-de-privacidad"},"modified":"2025-04-08T07:39:26","modified_gmt":"2025-04-08T07:39:26","slug":"politica-de-privacidad","status":"publish","type":"page","link":"https:\/\/cvafirearms.com\/fr\/politica-de-privacidad","title":{"rendered":"Pol\u00edtica de privacidad"},"content":{"rendered":"\t\t<div data-elementor-type=\"wp-page\" data-elementor-id=\"2290\" class=\"elementor elementor-2290 elementor-1335\" data-elementor-settings=\"{&quot;element_pack_global_tooltip_width&quot;:{&quot;unit&quot;:&quot;px&quot;,&quot;size&quot;:&quot;&quot;,&quot;sizes&quot;:[]},&quot;element_pack_global_tooltip_width_tablet&quot;:{&quot;unit&quot;:&quot;px&quot;,&quot;size&quot;:&quot;&quot;,&quot;sizes&quot;:[]},&quot;element_pack_global_tooltip_width_mobile&quot;:{&quot;unit&quot;:&quot;px&quot;,&quot;size&quot;:&quot;&quot;,&quot;sizes&quot;:[]},&quot;element_pack_global_tooltip_padding&quot;:{&quot;unit&quot;:&quot;px&quot;,&quot;top&quot;:&quot;&quot;,&quot;right&quot;:&quot;&quot;,&quot;bottom&quot;:&quot;&quot;,&quot;left&quot;:&quot;&quot;,&quot;isLinked&quot;:true},&quot;element_pack_global_tooltip_padding_tablet&quot;:{&quot;unit&quot;:&quot;px&quot;,&quot;top&quot;:&quot;&quot;,&quot;right&quot;:&quot;&quot;,&quot;bottom&quot;:&quot;&quot;,&quot;left&quot;:&quot;&quot;,&quot;isLinked&quot;:true},&quot;element_pack_global_tooltip_padding_mobile&quot;:{&quot;unit&quot;:&quot;px&quot;,&quot;top&quot;:&quot;&quot;,&quot;right&quot;:&quot;&quot;,&quot;bottom&quot;:&quot;&quot;,&quot;left&quot;:&quot;&quot;,&quot;isLinked&quot;:true},&quot;element_pack_global_tooltip_border_radius&quot;:{&quot;unit&quot;:&quot;px&quot;,&quot;top&quot;:&quot;&quot;,&quot;right&quot;:&quot;&quot;,&quot;bottom&quot;:&quot;&quot;,&quot;left&quot;:&quot;&quot;,&quot;isLinked&quot;:true},&quot;element_pack_global_tooltip_border_radius_tablet&quot;:{&quot;unit&quot;:&quot;px&quot;,&quot;top&quot;:&quot;&quot;,&quot;right&quot;:&quot;&quot;,&quot;bottom&quot;:&quot;&quot;,&quot;left&quot;:&quot;&quot;,&quot;isLinked&quot;:true},&quot;element_pack_global_tooltip_border_radius_mobile&quot;:{&quot;unit&quot;:&quot;px&quot;,&quot;top&quot;:&quot;&quot;,&quot;right&quot;:&quot;&quot;,&quot;bottom&quot;:&quot;&quot;,&quot;left&quot;:&quot;&quot;,&quot;isLinked&quot;:true}}\">\n\t\t\t\t\t\t<div class=\"elementor-section elementor-top-section elementor-element elementor-element-42c70b8 elementor-section-boxed elementor-section-height-default elementor-section-height-default\" data-id=\"42c70b8\" data-element_type=\"section\" data-settings=\"{&quot;background_background&quot;:&quot;classic&quot;}\">\n\t\t\t\t\t\t<div class=\"elementor-container elementor-column-gap-default\">\n\t\t\t\t\t<div class=\"elementor-column elementor-col-100 elementor-top-column elementor-element elementor-element-39a8564\" data-id=\"39a8564\" data-element_type=\"column\">\n\t\t\t<div class=\"elementor-widget-wrap\">\n\t\t\t\t\t\t\t<\/div>\n\t\t<\/div>\n\t\t\t\t\t<\/div>\n\t\t<\/div>\n\t\t<div class=\"elementor-element elementor-element-a0f69d2 e-grid e-con-boxed e-con e-parent\" data-id=\"a0f69d2\" data-element_type=\"container\">\n\t\t\t\t\t<div class=\"e-con-inner\">\n\t\t\t\t<div class=\"elementor-element elementor-element-f260b65 elementor-widget elementor-widget-heading\" data-id=\"f260b65\" data-element_type=\"widget\" data-widget_type=\"heading.default\">\n\t\t\t\t<div class=\"elementor-widget-container\">\n\t\t\t\t\t<h1 class=\"elementor-heading-title elementor-size-default\">Politique de confidentialit\u00e9<\/h1>\t\t\t\t<\/div>\n\t\t\t\t<\/div>\n\t\t\t\t<div class=\"elementor-element elementor-element-9bc6424 elementor-widget elementor-widget-text-editor\" data-id=\"9bc6424\" data-element_type=\"widget\" data-widget_type=\"text-editor.default\">\n\t\t\t\t<div class=\"elementor-widget-container\">\n\t\t\t\t\t\t\t\t\t<p class=\"\" data-start=\"51\" data-end=\"675\">Conform\u00e9ment aux dispositions de la l\u00e9gislation en vigueur sur la protection des donn\u00e9es \u00e0 caract\u00e8re personnel, nous vous informons que vos donn\u00e9es seront int\u00e9gr\u00e9es dans le syst\u00e8me de traitement appartenant \u00e0 DIKAR S COOP, dont le CIF est F20033817 et dont le si\u00e8ge social est situ\u00e9 \u00e0 GARAGARTZA 39 20500, MONDRAG\u00d3N (GUIP\u00daZCOA), dans le but de faciliter, acc\u00e9l\u00e9rer et respecter les engagements \u00e9tablis entre les deux parties. Conform\u00e9ment \u00e0 la l\u00e9gislation en vigueur, DIKAR S COOP informe que les donn\u00e9es seront conserv\u00e9es pendant la p\u00e9riode strictement n\u00e9cessaire pour respecter les dispositions mentionn\u00e9es pr\u00e9c\u00e9demment. Tant que vous ne nous informez pas du contraire, nous consid\u00e9rerons que vos donn\u00e9es n&#8217;ont pas \u00e9t\u00e9 modifi\u00e9es, que vous vous engagez \u00e0 nous notifier toute variation et que nous avons votre consentement pour les utiliser dans les objectifs mentionn\u00e9s.<\/p><p class=\"\" data-start=\"927\" data-end=\"1234\">DIKAR S COOP s&#8217;engage \u00e0 traiter les donn\u00e9es de mani\u00e8re licite, loyale, transparente, ad\u00e9quate, pertinente, limit\u00e9e, exacte et actualis\u00e9e. C&#8217;est pourquoi DIKAR S COOP s&#8217;engage \u00e0 prendre toutes les mesures raisonnables pour que celles-ci soient supprim\u00e9es ou rectifi\u00e9es sans d\u00e9lai lorsqu&#8217;elles sont inexactes.<\/p><p class=\"\" data-start=\"1236\" data-end=\"1679\">Conform\u00e9ment aux droits que vous conf\u00e8re la l\u00e9gislation en vigueur en mati\u00e8re de protection des donn\u00e9es, vous pouvez exercer vos droits d&#8217;acc\u00e8s, de rectification, de limitation du traitement, de suppression, de portabilit\u00e9 et d&#8217;opposition au traitement de vos donn\u00e9es personnelles, ainsi que du consentement donn\u00e9 pour leur traitement, en adressant votre demande \u00e0 l&#8217;adresse postale indiqu\u00e9e ci-dessus ou \u00e0 l&#8217;adresse e-mail <a rel=\"noopener\" data-start=\"1660\" data-end=\"1678\">arco@dikarcoop.com<\/a>.<\/p><p class=\"\" data-start=\"1681\" data-end=\"1814\">Vous pouvez \u00e9galement vous adresser \u00e0 l&#8217;Autorit\u00e9 de contr\u00f4le comp\u00e9tente pour d\u00e9poser toute r\u00e9clamation que vous jugerez appropri\u00e9e<\/p>\t\t\t\t\t\t\t\t<\/div>\n\t\t\t\t<\/div>\n\t\t\t\t\t<\/div>\n\t\t\t\t<\/div>\n\t\t\t\t<\/div>\n\t\t","protected":false},"excerpt":{"rendered":"<p>Politique de confidentialit\u00e9 Conform\u00e9ment aux dispositions de la l\u00e9gislation en vigueur sur la protection des donn\u00e9es \u00e0 caract\u00e8re personnel, nous vous informons [&hellip;]<\/p>\n","protected":false},"author":1,"featured_media":0,"parent":0,"menu_order":0,"comment_status":"closed","ping_status":"closed","template":"","meta":{"_acf_changed":false,"footnotes":""},"class_list":["post-2290","page","type-page","status-publish","hentry"],"acf":[],"yoast_head":"<!-- This site is optimized with the Yoast SEO plugin v24.6 - https:\/\/yoast.com\/wordpress\/plugins\/seo\/ -->\n<title>Pol\u00edtica de privacidad - CVA Rifles<\/title>\n<meta name=\"robots\" content=\"index, follow, max-snippet:-1, max-image-preview:large, max-video-preview:-1\" \/>\n<link rel=\"canonical\" href=\"https:\/\/cvafirearms.com\/fr\/politica-de-privacidad\" \/>\n<meta property=\"og:locale\" content=\"fr_FR\" \/>\n<meta property=\"og:type\" content=\"article\" \/>\n<meta property=\"og:title\" content=\"Pol\u00edtica de privacidad - CVA Rifles\" \/>\n<meta property=\"og:description\" content=\"Politique de confidentialit\u00e9 Conform\u00e9ment aux dispositions de la l\u00e9gislation en vigueur sur la protection des donn\u00e9es \u00e0 caract\u00e8re personnel, nous vous informons [&hellip;]\" \/>\n<meta property=\"og:url\" content=\"https:\/\/cvafirearms.com\/fr\/politica-de-privacidad\" \/>\n<meta property=\"og:site_name\" content=\"CVA Rifles\" \/>\n<meta property=\"article:modified_time\" content=\"2025-04-08T07:39:26+00:00\" \/>\n<meta name=\"twitter:card\" content=\"summary_large_image\" \/>\n<meta name=\"twitter:label1\" content=\"Est. reading time\" \/>\n\t<meta name=\"twitter:data1\" content=\"2 minutes\" \/>\n<script type=\"application\/ld+json\" class=\"yoast-schema-graph\">{\"@context\":\"https:\/\/schema.org\",\"@graph\":[{\"@type\":\"WebPage\",\"@id\":\"https:\/\/cvafirearms.com\/fr\/politica-de-privacidad\",\"url\":\"https:\/\/cvafirearms.com\/fr\/politica-de-privacidad\",\"name\":\"Pol\u00edtica de privacidad - CVA Rifles\",\"isPartOf\":{\"@id\":\"https:\/\/cvafirearms.com\/fr#website\"},\"datePublished\":\"2025-02-26T19:24:12+00:00\",\"dateModified\":\"2025-04-08T07:39:26+00:00\",\"breadcrumb\":{\"@id\":\"https:\/\/cvafirearms.com\/fr\/politica-de-privacidad#breadcrumb\"},\"inLanguage\":\"fr-FR\",\"potentialAction\":[{\"@type\":\"ReadAction\",\"target\":[\"https:\/\/cvafirearms.com\/fr\/politica-de-privacidad\"]}]},{\"@type\":\"BreadcrumbList\",\"@id\":\"https:\/\/cvafirearms.com\/fr\/politica-de-privacidad#breadcrumb\",\"itemListElement\":[{\"@type\":\"ListItem\",\"position\":1,\"name\":\"Home\",\"item\":\"https:\/\/cvafirearms.com\/fr\"},{\"@type\":\"ListItem\",\"position\":2,\"name\":\"Pol\u00edtica de privacidad\"}]},{\"@type\":\"WebSite\",\"@id\":\"https:\/\/cvafirearms.com\/fr#website\",\"url\":\"https:\/\/cvafirearms.com\/fr\",\"name\":\"CVA Rifles\",\"description\":\"\",\"publisher\":{\"@id\":\"https:\/\/cvafirearms.com\/fr#organization\"},\"potentialAction\":[{\"@type\":\"SearchAction\",\"target\":{\"@type\":\"EntryPoint\",\"urlTemplate\":\"https:\/\/cvafirearms.com\/fr?s={search_term_string}\"},\"query-input\":{\"@type\":\"PropertyValueSpecification\",\"valueRequired\":true,\"valueName\":\"search_term_string\"}}],\"inLanguage\":\"fr-FR\"},{\"@type\":\"Organization\",\"@id\":\"https:\/\/cvafirearms.com\/fr#organization\",\"name\":\"CVA Rifles\",\"url\":\"https:\/\/cvafirearms.com\/fr\",\"logo\":{\"@type\":\"ImageObject\",\"inLanguage\":\"fr-FR\",\"@id\":\"https:\/\/cvafirearms.com\/fr#\/schema\/logo\/image\/\",\"url\":\"https:\/\/cvafirearms.com\/uploads\/2025\/03\/CVA-logo.png\",\"contentUrl\":\"https:\/\/cvafirearms.com\/uploads\/2025\/03\/CVA-logo.png\",\"width\":204,\"height\":162,\"caption\":\"CVA Rifles\"},\"image\":{\"@id\":\"https:\/\/cvafirearms.com\/fr#\/schema\/logo\/image\/\"}}]}<\/script>\n<!-- \/ Yoast SEO plugin. -->","yoast_head_json":{"title":"Pol\u00edtica de privacidad - CVA Rifles","robots":{"index":"index","follow":"follow","max-snippet":"max-snippet:-1","max-image-preview":"max-image-preview:large","max-video-preview":"max-video-preview:-1"},"canonical":"https:\/\/cvafirearms.com\/fr\/politica-de-privacidad","og_locale":"fr_FR","og_type":"article","og_title":"Pol\u00edtica de privacidad - CVA Rifles","og_description":"Politique de confidentialit\u00e9 Conform\u00e9ment aux dispositions de la l\u00e9gislation en vigueur sur la protection des donn\u00e9es \u00e0 caract\u00e8re personnel, nous vous informons [&hellip;]","og_url":"https:\/\/cvafirearms.com\/fr\/politica-de-privacidad","og_site_name":"CVA Rifles","article_modified_time":"2025-04-08T07:39:26+00:00","twitter_card":"summary_large_image","twitter_misc":{"Est. reading time":"2 minutes"},"schema":{"@context":"https:\/\/schema.org","@graph":[{"@type":"WebPage","@id":"https:\/\/cvafirearms.com\/fr\/politica-de-privacidad","url":"https:\/\/cvafirearms.com\/fr\/politica-de-privacidad","name":"Pol\u00edtica de privacidad - CVA Rifles","isPartOf":{"@id":"https:\/\/cvafirearms.com\/fr#website"},"datePublished":"2025-02-26T19:24:12+00:00","dateModified":"2025-04-08T07:39:26+00:00","breadcrumb":{"@id":"https:\/\/cvafirearms.com\/fr\/politica-de-privacidad#breadcrumb"},"inLanguage":"fr-FR","potentialAction":[{"@type":"ReadAction","target":["https:\/\/cvafirearms.com\/fr\/politica-de-privacidad"]}]},{"@type":"BreadcrumbList","@id":"https:\/\/cvafirearms.com\/fr\/politica-de-privacidad#breadcrumb","itemListElement":[{"@type":"ListItem","position":1,"name":"Home","item":"https:\/\/cvafirearms.com\/fr"},{"@type":"ListItem","position":2,"name":"Pol\u00edtica de privacidad"}]},{"@type":"WebSite","@id":"https:\/\/cvafirearms.com\/fr#website","url":"https:\/\/cvafirearms.com\/fr","name":"CVA Rifles","description":"","publisher":{"@id":"https:\/\/cvafirearms.com\/fr#organization"},"potentialAction":[{"@type":"SearchAction","target":{"@type":"EntryPoint","urlTemplate":"https:\/\/cvafirearms.com\/fr?s={search_term_string}"},"query-input":{"@type":"PropertyValueSpecification","valueRequired":true,"valueName":"search_term_string"}}],"inLanguage":"fr-FR"},{"@type":"Organization","@id":"https:\/\/cvafirearms.com\/fr#organization","name":"CVA Rifles","url":"https:\/\/cvafirearms.com\/fr","logo":{"@type":"ImageObject","inLanguage":"fr-FR","@id":"https:\/\/cvafirearms.com\/fr#\/schema\/logo\/image\/","url":"https:\/\/cvafirearms.com\/uploads\/2025\/03\/CVA-logo.png","contentUrl":"https:\/\/cvafirearms.com\/uploads\/2025\/03\/CVA-logo.png","width":204,"height":162,"caption":"CVA Rifles"},"image":{"@id":"https:\/\/cvafirearms.com\/fr#\/schema\/logo\/image\/"}}]}},"_links":{"self":[{"href":"https:\/\/cvafirearms.com\/fr\/wp-json\/wp\/v2\/pages\/2290","targetHints":{"allow":["GET"]}}],"collection":[{"href":"https:\/\/cvafirearms.com\/fr\/wp-json\/wp\/v2\/pages"}],"about":[{"href":"https:\/\/cvafirearms.com\/fr\/wp-json\/wp\/v2\/types\/page"}],"author":[{"embeddable":true,"href":"https:\/\/cvafirearms.com\/fr\/wp-json\/wp\/v2\/users\/1"}],"replies":[{"embeddable":true,"href":"https:\/\/cvafirearms.com\/fr\/wp-json\/wp\/v2\/comments?post=2290"}],"version-history":[{"count":3,"href":"https:\/\/cvafirearms.com\/fr\/wp-json\/wp\/v2\/pages\/2290\/revisions"}],"predecessor-version":[{"id":2293,"href":"https:\/\/cvafirearms.com\/fr\/wp-json\/wp\/v2\/pages\/2290\/revisions\/2293"}],"wp:attachment":[{"href":"https:\/\/cvafirearms.com\/fr\/wp-json\/wp\/v2\/media?parent=2290"}],"curies":[{"name":"wp","href":"https:\/\/api.w.org\/{rel}","templated":true}]}}