{"id":2294,"date":"2025-02-20T10:19:10","date_gmt":"2025-02-20T10:19:10","guid":{"rendered":"https:\/\/cvafirearms.com\/quienes-somos"},"modified":"2025-04-28T08:14:55","modified_gmt":"2025-04-28T08:14:55","slug":"quienes-somos","status":"publish","type":"page","link":"https:\/\/cvafirearms.com\/fr\/quienes-somos","title":{"rendered":"Quienes somos"},"content":{"rendered":"\t\t<div data-elementor-type=\"wp-page\" data-elementor-id=\"2294\" class=\"elementor elementor-2294 elementor-354\" data-elementor-settings=\"{&quot;element_pack_global_tooltip_width&quot;:{&quot;unit&quot;:&quot;px&quot;,&quot;size&quot;:&quot;&quot;,&quot;sizes&quot;:[]},&quot;element_pack_global_tooltip_width_tablet&quot;:{&quot;unit&quot;:&quot;px&quot;,&quot;size&quot;:&quot;&quot;,&quot;sizes&quot;:[]},&quot;element_pack_global_tooltip_width_mobile&quot;:{&quot;unit&quot;:&quot;px&quot;,&quot;size&quot;:&quot;&quot;,&quot;sizes&quot;:[]},&quot;element_pack_global_tooltip_padding&quot;:{&quot;unit&quot;:&quot;px&quot;,&quot;top&quot;:&quot;&quot;,&quot;right&quot;:&quot;&quot;,&quot;bottom&quot;:&quot;&quot;,&quot;left&quot;:&quot;&quot;,&quot;isLinked&quot;:true},&quot;element_pack_global_tooltip_padding_tablet&quot;:{&quot;unit&quot;:&quot;px&quot;,&quot;top&quot;:&quot;&quot;,&quot;right&quot;:&quot;&quot;,&quot;bottom&quot;:&quot;&quot;,&quot;left&quot;:&quot;&quot;,&quot;isLinked&quot;:true},&quot;element_pack_global_tooltip_padding_mobile&quot;:{&quot;unit&quot;:&quot;px&quot;,&quot;top&quot;:&quot;&quot;,&quot;right&quot;:&quot;&quot;,&quot;bottom&quot;:&quot;&quot;,&quot;left&quot;:&quot;&quot;,&quot;isLinked&quot;:true},&quot;element_pack_global_tooltip_border_radius&quot;:{&quot;unit&quot;:&quot;px&quot;,&quot;top&quot;:&quot;&quot;,&quot;right&quot;:&quot;&quot;,&quot;bottom&quot;:&quot;&quot;,&quot;left&quot;:&quot;&quot;,&quot;isLinked&quot;:true},&quot;element_pack_global_tooltip_border_radius_tablet&quot;:{&quot;unit&quot;:&quot;px&quot;,&quot;top&quot;:&quot;&quot;,&quot;right&quot;:&quot;&quot;,&quot;bottom&quot;:&quot;&quot;,&quot;left&quot;:&quot;&quot;,&quot;isLinked&quot;:true},&quot;element_pack_global_tooltip_border_radius_mobile&quot;:{&quot;unit&quot;:&quot;px&quot;,&quot;top&quot;:&quot;&quot;,&quot;right&quot;:&quot;&quot;,&quot;bottom&quot;:&quot;&quot;,&quot;left&quot;:&quot;&quot;,&quot;isLinked&quot;:true}}\">\n\t\t\t\t\t\t<div class=\"elementor-section elementor-top-section elementor-element elementor-element-42c70b8 elementor-section-boxed elementor-section-height-default elementor-section-height-default\" data-id=\"42c70b8\" data-element_type=\"section\" data-settings=\"{&quot;background_background&quot;:&quot;classic&quot;,&quot;section_fluid_on&quot;:&quot;yes&quot;}\">\n\t\t\t\t\t\t<div class=\"elementor-container elementor-column-gap-default\">\n\t\t\t\t\t<div class=\"elementor-column elementor-col-100 elementor-top-column elementor-element elementor-element-4225110\" data-id=\"4225110\" data-element_type=\"column\">\n\t\t\t<div class=\"elementor-widget-wrap elementor-element-populated\">\n\t\t\t\t\t\t<div class=\"elementor-element elementor-element-9e7f95f elementor-widget elementor-widget-heading\" data-id=\"9e7f95f\" data-element_type=\"widget\" data-widget_type=\"heading.default\">\n\t\t\t\t<div class=\"elementor-widget-container\">\n\t\t\t\t\t<h1 class=\"elementor-heading-title elementor-size-default\">CVA: EVERY SEASON, EVERY RANGE<\/h1>\t\t\t\t<\/div>\n\t\t\t\t<\/div>\n\t\t\t\t<div class=\"elementor-element elementor-element-926e108 elementor-widget__width-initial elementor-widget-tablet__width-initial elementor-widget-mobile__width-inherit elementor-widget elementor-widget-text-editor\" data-id=\"926e108\" data-element_type=\"widget\" data-widget_type=\"text-editor.default\">\n\t\t\t\t<div class=\"elementor-widget-container\">\n\t\t\t\t\t\t\t\t\t<p>Depuis 1971<\/p>\t\t\t\t\t\t\t\t<\/div>\n\t\t\t\t<\/div>\n\t\t\t\t<div class=\"elementor-element elementor-element-fec24f8 elementor-widget elementor-widget-image\" data-id=\"fec24f8\" data-element_type=\"widget\" data-widget_type=\"image.default\">\n\t\t\t\t<div class=\"elementor-widget-container\">\n\t\t\t\t\t\t\t\t\t\t\t\t\t\t\t<img fetchpriority=\"high\" decoding=\"async\" width=\"1343\" height=\"755\" src=\"https:\/\/cvafirearms.com\/uploads\/2025\/02\/quienes-main.jpg\" class=\"attachment-full size-full wp-image-369\" alt=\"foto rigle wolf\" srcset=\"https:\/\/cvafirearms.com\/uploads\/2025\/02\/quienes-main.jpg 1343w, https:\/\/cvafirearms.com\/uploads\/2025\/02\/quienes-main-300x169.jpg 300w, https:\/\/cvafirearms.com\/uploads\/2025\/02\/quienes-main-1024x576.jpg 1024w, https:\/\/cvafirearms.com\/uploads\/2025\/02\/quienes-main-768x432.jpg 768w, https:\/\/cvafirearms.com\/uploads\/2025\/02\/quienes-main-650x365.jpg 650w\" sizes=\"(max-width: 1343px) 100vw, 1343px\" \/>\t\t\t\t\t\t\t\t\t\t\t\t\t\t\t<\/div>\n\t\t\t\t<\/div>\n\t\t<div class=\"elementor-element elementor-element-a83ed0d e-grid e-con-full e-con e-parent\" data-id=\"a83ed0d\" data-element_type=\"container\">\n\t\t\t\t<div class=\"elementor-element elementor-element-7fb97dc elementor-widget elementor-widget-heading\" data-id=\"7fb97dc\" data-element_type=\"widget\" data-widget_type=\"heading.default\">\n\t\t\t\t<div class=\"elementor-widget-container\">\n\t\t\t\t\t<h2 class=\"elementor-heading-title elementor-size-default\">CVA : Se connecter \u00e0 la chasse <br>\ndu pass\u00e9 \u00e0 l'avenir<\/h2>\t\t\t\t<\/div>\n\t\t\t\t<\/div>\n\t\t\t\t<div class=\"elementor-element elementor-element-6ace37c elementor-widget elementor-widget-text-editor\" data-id=\"6ace37c\" data-element_type=\"widget\" data-widget_type=\"text-editor.default\">\n\t\t\t\t<div class=\"elementor-widget-container\">\n\t\t\t\t\t\t\t\t\t<p>Fond\u00e9e en 1971 sous le nom de Connecticut Valley Arms, CVA a commenc\u00e9 par fabriquer des armes traditionnelles \u00e0 chargement par la bouche, se forgeant rapidement une r\u00e9putation de haute performance \u00e0 des prix imbattables. En 2003, suite \u00e0 l&#8217;acquisition par Dikar S. Coop, la marque a fait un grand pas en avant, int\u00e9grant l&#8217;innovation et la modernisation dans ses mod\u00e8les, consolidant sa position de leader mondial des fusils \u00e0 poudre noire, occupant la premi\u00e8re place des ventes depuis plus de 20 ans.<br \/>Au fil des ans, notre offre s&#8217;est diversifi\u00e9e avec l&#8217;ajout de carabines \u00e0 verrou, reconnues pour leur pr\u00e9cision et leur fiabilit\u00e9 sur le march\u00e9 am\u00e9ricain. Aujourd&#8217;hui, CVA dispose d&#8217;un catalogue sp\u00e9cialis\u00e9 qui comprend des carabines \u00e0 verrou, des carabines \u00e0 un coup, des fusils \u00e0 chargement par la bouche et des fusils de chasse, con\u00e7us pour r\u00e9pondre aux besoins de chaque chasseur, s&#8217;adaptant \u00e0 toutes les saisons et \u00e0 tous les terrains.<br \/>En 2025, nous avons franchi le pas de l&#8217;expansion internationale en nous implantant en France et en Espagne, avec pour objectif la croissance en Europe et au-del\u00e0.<\/p>\t\t\t\t\t\t\t\t<\/div>\n\t\t\t\t<\/div>\n\t\t\t\t<\/div>\n\t\t<div class=\"elementor-element elementor-element-06ce882 e-grid e-con-boxed e-con e-parent\" data-id=\"06ce882\" data-element_type=\"container\">\n\t\t\t\t\t<div class=\"e-con-inner\">\n\t\t<div class=\"elementor-element elementor-element-ce49ef1 e-con-full e-flex e-con e-child\" data-id=\"ce49ef1\" data-element_type=\"container\">\n\t\t\t\t<div class=\"elementor-element elementor-element-4cdd2b1 elementor-widget elementor-widget-text-editor\" data-id=\"4cdd2b1\" data-element_type=\"widget\" data-widget_type=\"text-editor.default\">\n\t\t\t\t<div class=\"elementor-widget-container\">\n\t\t\t\t\t\t\t\t\t<h2 id=\"ep-142b448\" class=\"elementor-heading-title elementor-size-default elementor-inline-editing pen\" style=\"text-align: center;\" contenteditable=\"true\" data-elementor-setting-key=\"title\" data-pen-placeholder=\"Teclea aqu\u00ed...\"><span style=\"color: #ffffff;\">Chez CVA, chaque arme est <\/span><span style=\"color: #f8c42a;\">synonyme de fiabilit\u00e9, de robustesse et de performances exceptionnelles.<\/span><span style=\"color: #ffffff;\"> Parce qu&#8217;une arme CVA n&#8217;est pas seulement un outil de chasse, mais <span style=\"color: #f8c42a;\">le meilleur choix<\/span> pour chaque saison, pour chaque sc\u00e9nario. Un carabine CVA est <span style=\"color: #f8c42a;\">tout simplement meilleure\u200b<\/span><\/span><\/h2>\t\t\t\t\t\t\t\t<\/div>\n\t\t\t\t<\/div>\n\t\t\t\t<\/div>\n\t\t\t\t\t<\/div>\n\t\t\t\t<\/div>\n\t\t\t\t\t<\/div>\n\t\t<\/div>\n\t\t\t\t\t<\/div>\n\t\t<\/div>\n\t\t\t\t<div class=\"elementor-section elementor-top-section elementor-element elementor-element-5bd8ae8 elementor-section-height-min-height elementor-section-boxed elementor-section-height-default elementor-section-items-middle\" data-id=\"5bd8ae8\" data-element_type=\"section\" data-settings=\"{&quot;background_background&quot;:&quot;classic&quot;}\">\n\t\t\t\t\t\t\t<div class=\"elementor-background-overlay\"><\/div>\n\t\t\t\t\t\t\t<div class=\"elementor-container elementor-column-gap-default\">\n\t\t\t\t\t<div class=\"elementor-column elementor-col-100 elementor-top-column elementor-element elementor-element-d924832\" data-id=\"d924832\" data-element_type=\"column\">\n\t\t\t<div class=\"elementor-widget-wrap elementor-element-populated\">\n\t\t\t\t\t\t<div class=\"elementor-element elementor-element-3a2a1f1 elementor-widget elementor-widget-spacer\" data-id=\"3a2a1f1\" data-element_type=\"widget\" data-widget_type=\"spacer.default\">\n\t\t\t\t<div class=\"elementor-widget-container\">\n\t\t\t\t\t\t\t<div class=\"elementor-spacer\">\n\t\t\t<div class=\"elementor-spacer-inner\"><\/div>\n\t\t<\/div>\n\t\t\t\t\t\t<\/div>\n\t\t\t\t<\/div>\n\t\t\t\t\t<\/div>\n\t\t<\/div>\n\t\t\t\t\t<\/div>\n\t\t<\/div>\n\t\t\t\t<\/div>\n\t\t","protected":false},"excerpt":{"rendered":"<p>CVA: EVERY SEASON, EVERY RANGE Depuis 1971 CVA : Se connecter \u00e0 la chasse du pass\u00e9 \u00e0 l&#8217;avenir Fond\u00e9e en 1971 sous [&hellip;]<\/p>\n","protected":false},"author":1,"featured_media":2283,"parent":0,"menu_order":0,"comment_status":"closed","ping_status":"closed","template":"","meta":{"_acf_changed":false,"footnotes":""},"class_list":["post-2294","page","type-page","status-publish","has-post-thumbnail","hentry"],"acf":[],"yoast_head":"<!-- This site is optimized with the Yoast SEO plugin v24.6 - https:\/\/yoast.com\/wordpress\/plugins\/seo\/ -->\n<title>Quienes somos - CVA Rifles<\/title>\n<meta name=\"description\" content=\"Fundada en 1971 como Connecticut Valley Arms, CVA comenz\u00f3 fabricando rifles de avancarga tradicionales, gan\u00e1ndose r\u00e1pidamente una reputaci\u00f3n por su alto rendimiento a precios incomparables.\" \/>\n<meta name=\"robots\" content=\"index, follow, max-snippet:-1, max-image-preview:large, max-video-preview:-1\" \/>\n<link rel=\"canonical\" href=\"https:\/\/cvafirearms.com\/fr\/quienes-somos\" \/>\n<meta property=\"og:locale\" content=\"fr_FR\" \/>\n<meta property=\"og:type\" content=\"article\" \/>\n<meta property=\"og:title\" content=\"Quienes somos - CVA Rifles\" \/>\n<meta property=\"og:description\" content=\"Fundada en 1971 como Connecticut Valley Arms, CVA comenz\u00f3 fabricando rifles de avancarga tradicionales, gan\u00e1ndose r\u00e1pidamente una reputaci\u00f3n por su alto rendimiento a precios incomparables.\" \/>\n<meta property=\"og:url\" content=\"https:\/\/cvafirearms.com\/fr\/quienes-somos\" \/>\n<meta property=\"og:site_name\" content=\"CVA Rifles\" \/>\n<meta property=\"article:modified_time\" content=\"2025-04-28T08:14:55+00:00\" \/>\n<meta property=\"og:image\" content=\"https:\/\/cvafirearms.com\/uploads\/2025\/03\/CVA-logo.png\" \/>\n\t<meta property=\"og:image:width\" content=\"204\" \/>\n\t<meta property=\"og:image:height\" content=\"162\" \/>\n\t<meta property=\"og:image:type\" content=\"image\/png\" \/>\n<meta name=\"twitter:card\" content=\"summary_large_image\" \/>\n<meta name=\"twitter:label1\" content=\"Est. reading time\" \/>\n\t<meta name=\"twitter:data1\" content=\"2 minutes\" \/>\n<script type=\"application\/ld+json\" class=\"yoast-schema-graph\">{\"@context\":\"https:\/\/schema.org\",\"@graph\":[{\"@type\":\"WebPage\",\"@id\":\"https:\/\/cvafirearms.com\/fr\/quienes-somos\",\"url\":\"https:\/\/cvafirearms.com\/fr\/quienes-somos\",\"name\":\"Quienes somos - CVA Rifles\",\"isPartOf\":{\"@id\":\"https:\/\/cvafirearms.com\/fr#website\"},\"primaryImageOfPage\":{\"@id\":\"https:\/\/cvafirearms.com\/fr\/quienes-somos#primaryimage\"},\"image\":{\"@id\":\"https:\/\/cvafirearms.com\/fr\/quienes-somos#primaryimage\"},\"thumbnailUrl\":\"https:\/\/cvafirearms.com\/uploads\/2025\/03\/CVA-logo.png\",\"datePublished\":\"2025-02-20T10:19:10+00:00\",\"dateModified\":\"2025-04-28T08:14:55+00:00\",\"description\":\"Fundada en 1971 como Connecticut Valley Arms, CVA comenz\u00f3 fabricando rifles de avancarga tradicionales, gan\u00e1ndose r\u00e1pidamente una reputaci\u00f3n por su alto rendimiento a precios incomparables.\",\"breadcrumb\":{\"@id\":\"https:\/\/cvafirearms.com\/fr\/quienes-somos#breadcrumb\"},\"inLanguage\":\"fr-FR\",\"potentialAction\":[{\"@type\":\"ReadAction\",\"target\":[\"https:\/\/cvafirearms.com\/fr\/quienes-somos\"]}]},{\"@type\":\"ImageObject\",\"inLanguage\":\"fr-FR\",\"@id\":\"https:\/\/cvafirearms.com\/fr\/quienes-somos#primaryimage\",\"url\":\"https:\/\/cvafirearms.com\/uploads\/2025\/03\/CVA-logo.png\",\"contentUrl\":\"https:\/\/cvafirearms.com\/uploads\/2025\/03\/CVA-logo.png\",\"width\":204,\"height\":162},{\"@type\":\"BreadcrumbList\",\"@id\":\"https:\/\/cvafirearms.com\/fr\/quienes-somos#breadcrumb\",\"itemListElement\":[{\"@type\":\"ListItem\",\"position\":1,\"name\":\"Home\",\"item\":\"https:\/\/cvafirearms.com\/fr\"},{\"@type\":\"ListItem\",\"position\":2,\"name\":\"Quienes somos\"}]},{\"@type\":\"WebSite\",\"@id\":\"https:\/\/cvafirearms.com\/fr#website\",\"url\":\"https:\/\/cvafirearms.com\/fr\",\"name\":\"CVA Rifles\",\"description\":\"\",\"publisher\":{\"@id\":\"https:\/\/cvafirearms.com\/fr#organization\"},\"potentialAction\":[{\"@type\":\"SearchAction\",\"target\":{\"@type\":\"EntryPoint\",\"urlTemplate\":\"https:\/\/cvafirearms.com\/fr?s={search_term_string}\"},\"query-input\":{\"@type\":\"PropertyValueSpecification\",\"valueRequired\":true,\"valueName\":\"search_term_string\"}}],\"inLanguage\":\"fr-FR\"},{\"@type\":\"Organization\",\"@id\":\"https:\/\/cvafirearms.com\/fr#organization\",\"name\":\"CVA Rifles\",\"url\":\"https:\/\/cvafirearms.com\/fr\",\"logo\":{\"@type\":\"ImageObject\",\"inLanguage\":\"fr-FR\",\"@id\":\"https:\/\/cvafirearms.com\/fr#\/schema\/logo\/image\/\",\"url\":\"https:\/\/cvafirearms.com\/uploads\/2025\/03\/CVA-logo.png\",\"contentUrl\":\"https:\/\/cvafirearms.com\/uploads\/2025\/03\/CVA-logo.png\",\"width\":204,\"height\":162,\"caption\":\"CVA Rifles\"},\"image\":{\"@id\":\"https:\/\/cvafirearms.com\/fr#\/schema\/logo\/image\/\"}}]}<\/script>\n<!-- \/ Yoast SEO plugin. -->","yoast_head_json":{"title":"Quienes somos - CVA Rifles","description":"Fundada en 1971 como Connecticut Valley Arms, CVA comenz\u00f3 fabricando rifles de avancarga tradicionales, gan\u00e1ndose r\u00e1pidamente una reputaci\u00f3n por su alto rendimiento a precios incomparables.","robots":{"index":"index","follow":"follow","max-snippet":"max-snippet:-1","max-image-preview":"max-image-preview:large","max-video-preview":"max-video-preview:-1"},"canonical":"https:\/\/cvafirearms.com\/fr\/quienes-somos","og_locale":"fr_FR","og_type":"article","og_title":"Quienes somos - CVA Rifles","og_description":"Fundada en 1971 como Connecticut Valley Arms, CVA comenz\u00f3 fabricando rifles de avancarga tradicionales, gan\u00e1ndose r\u00e1pidamente una reputaci\u00f3n por su alto rendimiento a precios incomparables.","og_url":"https:\/\/cvafirearms.com\/fr\/quienes-somos","og_site_name":"CVA Rifles","article_modified_time":"2025-04-28T08:14:55+00:00","og_image":[{"width":204,"height":162,"url":"https:\/\/cvafirearms.com\/uploads\/2025\/03\/CVA-logo.png","type":"image\/png"}],"twitter_card":"summary_large_image","twitter_misc":{"Est. reading time":"2 minutes"},"schema":{"@context":"https:\/\/schema.org","@graph":[{"@type":"WebPage","@id":"https:\/\/cvafirearms.com\/fr\/quienes-somos","url":"https:\/\/cvafirearms.com\/fr\/quienes-somos","name":"Quienes somos - CVA Rifles","isPartOf":{"@id":"https:\/\/cvafirearms.com\/fr#website"},"primaryImageOfPage":{"@id":"https:\/\/cvafirearms.com\/fr\/quienes-somos#primaryimage"},"image":{"@id":"https:\/\/cvafirearms.com\/fr\/quienes-somos#primaryimage"},"thumbnailUrl":"https:\/\/cvafirearms.com\/uploads\/2025\/03\/CVA-logo.png","datePublished":"2025-02-20T10:19:10+00:00","dateModified":"2025-04-28T08:14:55+00:00","description":"Fundada en 1971 como Connecticut Valley Arms, CVA comenz\u00f3 fabricando rifles de avancarga tradicionales, gan\u00e1ndose r\u00e1pidamente una reputaci\u00f3n por su alto rendimiento a precios incomparables.","breadcrumb":{"@id":"https:\/\/cvafirearms.com\/fr\/quienes-somos#breadcrumb"},"inLanguage":"fr-FR","potentialAction":[{"@type":"ReadAction","target":["https:\/\/cvafirearms.com\/fr\/quienes-somos"]}]},{"@type":"ImageObject","inLanguage":"fr-FR","@id":"https:\/\/cvafirearms.com\/fr\/quienes-somos#primaryimage","url":"https:\/\/cvafirearms.com\/uploads\/2025\/03\/CVA-logo.png","contentUrl":"https:\/\/cvafirearms.com\/uploads\/2025\/03\/CVA-logo.png","width":204,"height":162},{"@type":"BreadcrumbList","@id":"https:\/\/cvafirearms.com\/fr\/quienes-somos#breadcrumb","itemListElement":[{"@type":"ListItem","position":1,"name":"Home","item":"https:\/\/cvafirearms.com\/fr"},{"@type":"ListItem","position":2,"name":"Quienes somos"}]},{"@type":"WebSite","@id":"https:\/\/cvafirearms.com\/fr#website","url":"https:\/\/cvafirearms.com\/fr","name":"CVA Rifles","description":"","publisher":{"@id":"https:\/\/cvafirearms.com\/fr#organization"},"potentialAction":[{"@type":"SearchAction","target":{"@type":"EntryPoint","urlTemplate":"https:\/\/cvafirearms.com\/fr?s={search_term_string}"},"query-input":{"@type":"PropertyValueSpecification","valueRequired":true,"valueName":"search_term_string"}}],"inLanguage":"fr-FR"},{"@type":"Organization","@id":"https:\/\/cvafirearms.com\/fr#organization","name":"CVA Rifles","url":"https:\/\/cvafirearms.com\/fr","logo":{"@type":"ImageObject","inLanguage":"fr-FR","@id":"https:\/\/cvafirearms.com\/fr#\/schema\/logo\/image\/","url":"https:\/\/cvafirearms.com\/uploads\/2025\/03\/CVA-logo.png","contentUrl":"https:\/\/cvafirearms.com\/uploads\/2025\/03\/CVA-logo.png","width":204,"height":162,"caption":"CVA Rifles"},"image":{"@id":"https:\/\/cvafirearms.com\/fr#\/schema\/logo\/image\/"}}]}},"_links":{"self":[{"href":"https:\/\/cvafirearms.com\/fr\/wp-json\/wp\/v2\/pages\/2294","targetHints":{"allow":["GET"]}}],"collection":[{"href":"https:\/\/cvafirearms.com\/fr\/wp-json\/wp\/v2\/pages"}],"about":[{"href":"https:\/\/cvafirearms.com\/fr\/wp-json\/wp\/v2\/types\/page"}],"author":[{"embeddable":true,"href":"https:\/\/cvafirearms.com\/fr\/wp-json\/wp\/v2\/users\/1"}],"replies":[{"embeddable":true,"href":"https:\/\/cvafirearms.com\/fr\/wp-json\/wp\/v2\/comments?post=2294"}],"version-history":[{"count":3,"href":"https:\/\/cvafirearms.com\/fr\/wp-json\/wp\/v2\/pages\/2294\/revisions"}],"predecessor-version":[{"id":2303,"href":"https:\/\/cvafirearms.com\/fr\/wp-json\/wp\/v2\/pages\/2294\/revisions\/2303"}],"wp:featuredmedia":[{"embeddable":true,"href":"https:\/\/cvafirearms.com\/fr\/wp-json\/wp\/v2\/media\/2283"}],"wp:attachment":[{"href":"https:\/\/cvafirearms.com\/fr\/wp-json\/wp\/v2\/media?parent=2294"}],"curies":[{"name":"wp","href":"https:\/\/api.w.org\/{rel}","templated":true}]}}