{"id":2314,"date":"2025-02-26T19:25:49","date_gmt":"2025-02-26T19:25:49","guid":{"rendered":"https:\/\/cvafirearms.com\/terminos-y-condiciones"},"modified":"2025-04-08T08:09:27","modified_gmt":"2025-04-08T08:09:27","slug":"terminos-y-condiciones","status":"publish","type":"page","link":"https:\/\/cvafirearms.com\/fr\/terminos-y-condiciones","title":{"rendered":"T\u00e9rminos y condiciones"},"content":{"rendered":"\t\t<div data-elementor-type=\"wp-page\" data-elementor-id=\"2314\" class=\"elementor elementor-2314 elementor-1344\" data-elementor-settings=\"{&quot;element_pack_global_tooltip_width&quot;:{&quot;unit&quot;:&quot;px&quot;,&quot;size&quot;:&quot;&quot;,&quot;sizes&quot;:[]},&quot;element_pack_global_tooltip_width_tablet&quot;:{&quot;unit&quot;:&quot;px&quot;,&quot;size&quot;:&quot;&quot;,&quot;sizes&quot;:[]},&quot;element_pack_global_tooltip_width_mobile&quot;:{&quot;unit&quot;:&quot;px&quot;,&quot;size&quot;:&quot;&quot;,&quot;sizes&quot;:[]},&quot;element_pack_global_tooltip_padding&quot;:{&quot;unit&quot;:&quot;px&quot;,&quot;top&quot;:&quot;&quot;,&quot;right&quot;:&quot;&quot;,&quot;bottom&quot;:&quot;&quot;,&quot;left&quot;:&quot;&quot;,&quot;isLinked&quot;:true},&quot;element_pack_global_tooltip_padding_tablet&quot;:{&quot;unit&quot;:&quot;px&quot;,&quot;top&quot;:&quot;&quot;,&quot;right&quot;:&quot;&quot;,&quot;bottom&quot;:&quot;&quot;,&quot;left&quot;:&quot;&quot;,&quot;isLinked&quot;:true},&quot;element_pack_global_tooltip_padding_mobile&quot;:{&quot;unit&quot;:&quot;px&quot;,&quot;top&quot;:&quot;&quot;,&quot;right&quot;:&quot;&quot;,&quot;bottom&quot;:&quot;&quot;,&quot;left&quot;:&quot;&quot;,&quot;isLinked&quot;:true},&quot;element_pack_global_tooltip_border_radius&quot;:{&quot;unit&quot;:&quot;px&quot;,&quot;top&quot;:&quot;&quot;,&quot;right&quot;:&quot;&quot;,&quot;bottom&quot;:&quot;&quot;,&quot;left&quot;:&quot;&quot;,&quot;isLinked&quot;:true},&quot;element_pack_global_tooltip_border_radius_tablet&quot;:{&quot;unit&quot;:&quot;px&quot;,&quot;top&quot;:&quot;&quot;,&quot;right&quot;:&quot;&quot;,&quot;bottom&quot;:&quot;&quot;,&quot;left&quot;:&quot;&quot;,&quot;isLinked&quot;:true},&quot;element_pack_global_tooltip_border_radius_mobile&quot;:{&quot;unit&quot;:&quot;px&quot;,&quot;top&quot;:&quot;&quot;,&quot;right&quot;:&quot;&quot;,&quot;bottom&quot;:&quot;&quot;,&quot;left&quot;:&quot;&quot;,&quot;isLinked&quot;:true}}\">\n\t\t\t\t\t\t<div class=\"elementor-section elementor-top-section elementor-element elementor-element-42c70b8 elementor-section-boxed elementor-section-height-default elementor-section-height-default\" data-id=\"42c70b8\" data-element_type=\"section\" data-settings=\"{&quot;background_background&quot;:&quot;classic&quot;}\">\n\t\t\t\t\t\t<div class=\"elementor-container elementor-column-gap-default\">\n\t\t\t\t\t<div class=\"elementor-column elementor-col-100 elementor-top-column elementor-element elementor-element-39a8564\" data-id=\"39a8564\" data-element_type=\"column\">\n\t\t\t<div class=\"elementor-widget-wrap\">\n\t\t\t\t\t\t\t<\/div>\n\t\t<\/div>\n\t\t\t\t\t<\/div>\n\t\t<\/div>\n\t\t<div class=\"elementor-element elementor-element-a0f69d2 e-grid e-con-boxed e-con e-parent\" data-id=\"a0f69d2\" data-element_type=\"container\" data-settings=\"{&quot;background_background&quot;:&quot;classic&quot;}\">\n\t\t\t\t\t<div class=\"e-con-inner\">\n\t\t\t\t<div class=\"elementor-element elementor-element-f260b65 elementor-widget elementor-widget-heading\" data-id=\"f260b65\" data-element_type=\"widget\" data-widget_type=\"heading.default\">\n\t\t\t\t<div class=\"elementor-widget-container\">\n\t\t\t\t\t<h1 class=\"elementor-heading-title elementor-size-default\">Termes et conditions<\/h1>\t\t\t\t<\/div>\n\t\t\t\t<\/div>\n\t\t\t\t<div class=\"elementor-element elementor-element-9bc6424 elementor-widget elementor-widget-text-editor\" data-id=\"9bc6424\" data-element_type=\"widget\" data-widget_type=\"text-editor.default\">\n\t\t\t\t<div class=\"elementor-widget-container\">\n\t\t\t\t\t\t\t\t\t<p class=\"p1\"><strong>Avis l\u00e9gal<\/strong><\/p><p class=\"\" data-start=\"51\" data-end=\"378\">Conform\u00e9ment \u00e0 la Loi 34\/2002, du 11 juillet, sur les services de la soci\u00e9t\u00e9 de l&#8217;information et le commerce \u00e9lectronique (LSSI-CE), DIKAR S COOP informe qu&#8217;il est le propri\u00e9taire du site web <a class=\"\" href=\"https:\/\/cvafirearms.com\" target=\"_new\" rel=\"noopener\" data-start=\"245\" data-end=\"268\">https:\/\/cvafirearms.com<\/a>. Conform\u00e9ment \u00e0 l&#8217;exigence de l&#8217;article 10 de ladite loi, DIKAR S COOP fournit les informations suivantes :<\/p><p class=\"\" data-start=\"380\" data-end=\"718\">Le titulaire de ce site web est DIKAR S COOP, dont le CIF est F20033817 et le si\u00e8ge social est situ\u00e9 \u00e0 GARAGARTZA 39 20500, MONDRAG\u00d3N (GUIP\u00daZCOA), inscrit au registre des coop\u00e9ratives du Pays Basque sous le num\u00e9ro 87.1.208, folio 632 du livre des soci\u00e9t\u00e9s coop\u00e9ratives. L&#8217;adresse e-mail de contact avec l&#8217;entreprise est : <a rel=\"noopener\" data-start=\"702\" data-end=\"715\">ARCO@DIKAR.ES<\/a><\/p><p class=\"p1\"><b>UTILISATEUR ET R\u00c9GIME DE RESPONSABILIT\u00c9S<\/b><\/p><p class=\"\" data-start=\"51\" data-end=\"357\">La navigation, l&#8217;acc\u00e8s et l&#8217;utilisation du site web de CVA conf\u00e8rent la condition d&#8217;utilisateur, par laquelle sont accept\u00e9es, d\u00e8s la navigation sur le site web de CVA, toutes les conditions d&#8217;utilisation ici \u00e9tablies, sans pr\u00e9judice de l&#8217;application de la l\u00e9gislation applicable obligatoire selon le cas.<\/p><p class=\"\" data-start=\"359\" data-end=\"562\">Le site web de CVA fournit une grande diversit\u00e9 d&#8217;informations, de services et de donn\u00e9es. L&#8217;utilisateur assume la responsabilit\u00e9 de l&#8217;utilisation correcte du site web. Cette responsabilit\u00e9 s&#8217;\u00e9tendra \u00e0 :<\/p><ul><li>L&#8217;utilisation des informations, services et donn\u00e9es fournis par DIKAR S COOP en contradiction avec les pr\u00e9sentes conditions, la loi, la morale, les bonnes m\u0153urs ou l&#8217;ordre public, ou qui pourraient, de toute autre mani\u00e8re, nuire aux droits de tiers ou au bon fonctionnement du site web.<\/li><\/ul><p class=\"p1\"><strong>POLITIQUE DE LIENS ET EXON\u00c9RATIONS DE RESPONSABILIT\u00c9<\/strong><\/p><p class=\"\" data-start=\"51\" data-end=\"506\">DIKAR S COOP d\u00e9cline toute responsabilit\u00e9 quant au contenu des sites web auxquels l&#8217;utilisateur peut acc\u00e9der par le biais des liens pr\u00e9sents sur son site web et d\u00e9clare qu&#8217;en aucun cas il n&#8217;examinera ni n&#8217;exercera de contr\u00f4le sur le contenu d&#8217;autres sites du r\u00e9seau. De plus, il ne garantira pas la disponibilit\u00e9 technique, l&#8217;exactitude, la v\u00e9racit\u00e9, la validit\u00e9 ou la l\u00e9galit\u00e9 des sites ext\u00e9rieurs \u00e0 sa propri\u00e9t\u00e9 auxquels on peut acc\u00e9der via les liens.<\/p><p class=\"\" data-start=\"508\" data-end=\"848\">DIKAR S COOP d\u00e9clare avoir pris toutes les mesures n\u00e9cessaires pour \u00e9viter tout dommage aux utilisateurs de son site web pouvant d\u00e9couler de la navigation sur celui-ci. Par cons\u00e9quent, DIKAR S COOP d\u00e9cline toute responsabilit\u00e9, en aucun cas, pour les \u00e9ventuels dommages que l&#8217;utilisateur pourrait subir lors de sa navigation sur Internet.<\/p><p class=\"p1\"><strong>MODIFICATIONS<\/strong><\/p><p class=\"p1\">DIKAR S COOP se r\u00e9serve le droit d&#8217;apporter les modifications qu&#8217;il juge n\u00e9cessaires, sans pr\u00e9avis, au contenu de son site web. Tant en ce qui concerne les contenus du site web, que les conditions d&#8217;utilisation de celui-ci, ou les conditions g\u00e9n\u00e9rales de contrat. Ces modifications pourront \u00eatre effectu\u00e9es sur son site web par tout moyen l\u00e9galement admissible et seront obligatoires pendant la p\u00e9riode o\u00f9 elles sont publi\u00e9es sur le site et jusqu&#8217;\u00e0 ce qu&#8217;elles soient modifi\u00e9es valablement par des modifications ult\u00e9rieures.<\/p><p class=\"p1\"><strong>SERVICES DE CONTRACTUALISATION PAR INTERNET<\/strong><\/p><p class=\"p1\">Certains contenus du site web de CVA offrent la possibilit\u00e9 de contracter par Internet. L&#8217;utilisation de ces contenus n\u00e9cessitera la lecture et l&#8217;acceptation obligatoire des conditions g\u00e9n\u00e9rales de contrat \u00e9tablies \u00e0 cet effet par DIKAR S COOP.<\/p><p class=\"p1\"><strong>PROTECTION DES DONN\u00c9ES<\/strong><\/p><p class=\"\" data-start=\"51\" data-end=\"667\">Conform\u00e9ment aux dispositions de la l\u00e9gislation en vigueur sur la protection des donn\u00e9es \u00e0 caract\u00e8re personnel, nous vous informons que vos donn\u00e9es seront int\u00e9gr\u00e9es dans le syst\u00e8me de traitement appartenant \u00e0 DIKAR S COOP, dont le CIF est F20033817 et le si\u00e8ge social est situ\u00e9 \u00e0 Garagartza 39 20500, MONDRAG\u00d3N (GUIP\u00daZCOA), dans le but de faciliter, acc\u00e9l\u00e9rer et respecter les engagements \u00e9tablis entre les deux parties. Conform\u00e9ment \u00e0 la l\u00e9gislation en vigueur, DIKAR S COOP informe que les donn\u00e9es seront conserv\u00e9es pendant la p\u00e9riode strictement n\u00e9cessaire pour respecter les dispositions mentionn\u00e9es ci-dessus.<\/p><p class=\"\" data-start=\"669\" data-end=\"917\">Tant que vous ne nous informez pas du contraire, nous consid\u00e9rerons que vos donn\u00e9es n&#8217;ont pas \u00e9t\u00e9 modifi\u00e9es, que vous vous engagez \u00e0 nous notifier toute variation et que nous avons votre consentement pour les utiliser dans les objectifs mentionn\u00e9s.<\/p><p class=\"\" data-start=\"919\" data-end=\"1226\">DIKAR S COOP s&#8217;engage \u00e0 traiter les donn\u00e9es de mani\u00e8re licite, loyale, transparente, ad\u00e9quate, pertinente, limit\u00e9e, exacte et actualis\u00e9e. C&#8217;est pourquoi DIKAR S COOP s&#8217;engage \u00e0 prendre toutes les mesures raisonnables pour que celles-ci soient supprim\u00e9es ou rectifi\u00e9es sans d\u00e9lai lorsqu&#8217;elles sont inexactes.<\/p><p class=\"\" data-start=\"1228\" data-end=\"1671\">Conform\u00e9ment aux droits que vous conf\u00e8re la l\u00e9gislation en vigueur en mati\u00e8re de protection des donn\u00e9es, vous pouvez exercer vos droits d&#8217;acc\u00e8s, de rectification, de limitation du traitement, de suppression, de portabilit\u00e9 et d&#8217;opposition au traitement de vos donn\u00e9es personnelles, ainsi que du consentement donn\u00e9 pour leur traitement, en adressant votre demande \u00e0 l&#8217;adresse postale indiqu\u00e9e ci-dessus ou \u00e0 l&#8217;adresse e-mail <a rel=\"noopener\" data-start=\"1652\" data-end=\"1670\">ARCO@dikarcoop.com<\/a>.<\/p><p class=\"\" data-start=\"1673\" data-end=\"1806\">Vous pouvez \u00e9galement vous adresser \u00e0 l&#8217;Autorit\u00e9 de contr\u00f4le comp\u00e9tente pour d\u00e9poser toute r\u00e9clamation que vous jugerez appropri\u00e9e.<\/p><p class=\"p1\"><strong>CERTIFICAT SSL (SECURE SOCKETS LAYER)<\/strong><\/p><p class=\"\" data-start=\"51\" data-end=\"188\">Le CERTIFICAT SSL fournit une authentification, la confidentialit\u00e9 et la s\u00e9curit\u00e9 des informations entre DIKAR S COOP et l&#8217;utilisateur.<\/p><p class=\"\" data-start=\"190\" data-end=\"308\">DIKAR S COOP dispose d&#8217;un certificat de s\u00e9curit\u00e9 utilis\u00e9 par le CERTIFICAT SSL pour \u00e9tablir des connexions s\u00e9curis\u00e9es.<\/p><p class=\"\" data-start=\"310\" data-end=\"537\">Dans ce processus, plusieurs param\u00e8tres sont d\u00e9finis pour \u00e9tablir une connexion s\u00e9curis\u00e9e, et il est utilis\u00e9 des cl\u00e9s pr\u00e9d\u00e9finies, en cryptant et d\u00e9cryptant toutes les donn\u00e9es envoy\u00e9es jusqu&#8217;\u00e0 ce que la connexion soit ferm\u00e9e.<\/p><p class=\"p1\"><strong>PROPRI\u00c9T\u00c9 INTELLECTUELLE ET INDUSTRIELLE<\/strong><\/p><p class=\"\" data-start=\"51\" data-end=\"821\">DIKAR S COOP, que ce soit en son propre nom ou en tant que cessionnaire, est titulaire de tous les droits de propri\u00e9t\u00e9 intellectuelle et industrielle de son site web, ainsi que des \u00e9l\u00e9ments contenus dans celui-ci (\u00e0 titre d&#8217;exemple, images, son, audio, vid\u00e9o, logiciels ou textes ; marques ou logos, combinaisons de couleurs, structure et design, s\u00e9lection des mat\u00e9riaux utilis\u00e9s, programmes informatiques n\u00e9cessaires \u00e0 son fonctionnement, acc\u00e8s et utilisation, etc.), la propri\u00e9t\u00e9 de DIKAR S COOP. Ces \u00e9l\u00e9ments sont donc prot\u00e9g\u00e9s en tant qu&#8217;\u0153uvres de propri\u00e9t\u00e9 intellectuelle par la l\u00e9gislation espagnole, et sont soumis \u00e0 la r\u00e9glementation espagnole et communautaire en la mati\u00e8re, ainsi qu&#8217;aux trait\u00e9s internationaux relatifs \u00e0 cette question, sign\u00e9s par l&#8217;Espagne.<\/p><p class=\"\" data-start=\"823\" data-end=\"1189\">Tous droits r\u00e9serv\u00e9s. Conform\u00e9ment \u00e0 la loi sur la propri\u00e9t\u00e9 intellectuelle, la reproduction, la distribution et la communication publique, y compris la mise \u00e0 disposition, de la totalit\u00e9 ou d&#8217;une partie du contenu de ce site web \u00e0 des fins commerciales, sur tout support et par tout moyen technique, sont express\u00e9ment interdites sans l&#8217;autorisation de DIKAR S COOP.<\/p><p class=\"\" data-start=\"1191\" data-end=\"1673\">L&#8217;utilisateur s&#8217;engage \u00e0 respecter les droits de propri\u00e9t\u00e9 intellectuelle et industrielle de DIKAR S COOP. Il pourra visualiser les \u00e9l\u00e9ments du portail, les imprimer, les copier et les stocker sur le disque dur de son ordinateur ou sur tout autre support physique uniquement pour son usage personnel et priv\u00e9. L&#8217;utilisateur devra s&#8217;abstenir de supprimer, alt\u00e9rer, contourner ou manipuler tout dispositif de protection ou syst\u00e8me de s\u00e9curit\u00e9 install\u00e9 sur les pages de DIKAR S COOP.<\/p><p class=\"p1\"><strong>ACTION EN JUSTICE, L\u00c9GISLATION APPLICABLE ET JURIDICTION<\/strong><\/p><p class=\"\" data-start=\"51\" data-end=\"280\">DIKAR S COOP se r\u00e9serve \u00e9galement le droit d&#8217;engager les actions civiles ou p\u00e9nales qu&#8217;elle juge n\u00e9cessaires en cas d&#8217;utilisation incorrecte de son site web et de ses contenus, ou en cas de non-respect des pr\u00e9sentes conditions.<\/p><p class=\"\" data-start=\"282\" data-end=\"657\">La relation entre l&#8217;utilisateur et le prestataire sera r\u00e9gie par la l\u00e9gislation en vigueur et applicable sur le territoire espagnol. En cas de litige, les parties pourront soumettre leurs diff\u00e9rends \u00e0 l&#8217;arbitrage ou saisir la juridiction ordinaire, conform\u00e9ment aux r\u00e8gles de juridiction et de comp\u00e9tence en la mati\u00e8re. DIKAR S COOP a son si\u00e8ge social \u00e0 GUIP\u00daZCOA, Espagne.<\/p>\t\t\t\t\t\t\t\t<\/div>\n\t\t\t\t<\/div>\n\t\t\t\t\t<\/div>\n\t\t\t\t<\/div>\n\t\t\t\t<\/div>\n\t\t","protected":false},"excerpt":{"rendered":"<p>Termes et conditions Avis l\u00e9gal Conform\u00e9ment \u00e0 la Loi 34\/2002, du 11 juillet, sur les services de la soci\u00e9t\u00e9 de l&#8217;information et [&hellip;]<\/p>\n","protected":false},"author":1,"featured_media":0,"parent":0,"menu_order":0,"comment_status":"closed","ping_status":"closed","template":"","meta":{"_acf_changed":false,"footnotes":""},"class_list":["post-2314","page","type-page","status-publish","hentry"],"acf":[],"yoast_head":"<!-- This site is optimized with the Yoast SEO plugin v24.6 - https:\/\/yoast.com\/wordpress\/plugins\/seo\/ -->\n<title>T\u00e9rminos y condiciones - CVA Rifles<\/title>\n<meta name=\"robots\" content=\"index, follow, max-snippet:-1, max-image-preview:large, max-video-preview:-1\" \/>\n<link rel=\"canonical\" href=\"https:\/\/cvafirearms.com\/fr\/terminos-y-condiciones\" \/>\n<meta property=\"og:locale\" content=\"fr_FR\" \/>\n<meta property=\"og:type\" content=\"article\" \/>\n<meta property=\"og:title\" content=\"T\u00e9rminos y condiciones - CVA Rifles\" \/>\n<meta property=\"og:description\" content=\"Termes et conditions Avis l\u00e9gal Conform\u00e9ment \u00e0 la Loi 34\/2002, du 11 juillet, sur les services de la soci\u00e9t\u00e9 de l&#8217;information et [&hellip;]\" \/>\n<meta property=\"og:url\" content=\"https:\/\/cvafirearms.com\/fr\/terminos-y-condiciones\" \/>\n<meta property=\"og:site_name\" content=\"CVA Rifles\" \/>\n<meta property=\"article:modified_time\" content=\"2025-04-08T08:09:27+00:00\" \/>\n<meta name=\"twitter:card\" content=\"summary_large_image\" \/>\n<meta name=\"twitter:label1\" content=\"Est. reading time\" \/>\n\t<meta name=\"twitter:data1\" content=\"7 minutes\" \/>\n<script type=\"application\/ld+json\" class=\"yoast-schema-graph\">{\"@context\":\"https:\/\/schema.org\",\"@graph\":[{\"@type\":\"WebPage\",\"@id\":\"https:\/\/cvafirearms.com\/fr\/terminos-y-condiciones\",\"url\":\"https:\/\/cvafirearms.com\/fr\/terminos-y-condiciones\",\"name\":\"T\u00e9rminos y condiciones - CVA Rifles\",\"isPartOf\":{\"@id\":\"https:\/\/cvafirearms.com\/fr#website\"},\"datePublished\":\"2025-02-26T19:25:49+00:00\",\"dateModified\":\"2025-04-08T08:09:27+00:00\",\"breadcrumb\":{\"@id\":\"https:\/\/cvafirearms.com\/fr\/terminos-y-condiciones#breadcrumb\"},\"inLanguage\":\"fr-FR\",\"potentialAction\":[{\"@type\":\"ReadAction\",\"target\":[\"https:\/\/cvafirearms.com\/fr\/terminos-y-condiciones\"]}]},{\"@type\":\"BreadcrumbList\",\"@id\":\"https:\/\/cvafirearms.com\/fr\/terminos-y-condiciones#breadcrumb\",\"itemListElement\":[{\"@type\":\"ListItem\",\"position\":1,\"name\":\"Home\",\"item\":\"https:\/\/cvafirearms.com\/fr\"},{\"@type\":\"ListItem\",\"position\":2,\"name\":\"T\u00e9rminos y condiciones\"}]},{\"@type\":\"WebSite\",\"@id\":\"https:\/\/cvafirearms.com\/fr#website\",\"url\":\"https:\/\/cvafirearms.com\/fr\",\"name\":\"CVA Rifles\",\"description\":\"\",\"publisher\":{\"@id\":\"https:\/\/cvafirearms.com\/fr#organization\"},\"potentialAction\":[{\"@type\":\"SearchAction\",\"target\":{\"@type\":\"EntryPoint\",\"urlTemplate\":\"https:\/\/cvafirearms.com\/fr?s={search_term_string}\"},\"query-input\":{\"@type\":\"PropertyValueSpecification\",\"valueRequired\":true,\"valueName\":\"search_term_string\"}}],\"inLanguage\":\"fr-FR\"},{\"@type\":\"Organization\",\"@id\":\"https:\/\/cvafirearms.com\/fr#organization\",\"name\":\"CVA Rifles\",\"url\":\"https:\/\/cvafirearms.com\/fr\",\"logo\":{\"@type\":\"ImageObject\",\"inLanguage\":\"fr-FR\",\"@id\":\"https:\/\/cvafirearms.com\/fr#\/schema\/logo\/image\/\",\"url\":\"https:\/\/cvafirearms.com\/uploads\/2025\/03\/CVA-logo.png\",\"contentUrl\":\"https:\/\/cvafirearms.com\/uploads\/2025\/03\/CVA-logo.png\",\"width\":204,\"height\":162,\"caption\":\"CVA Rifles\"},\"image\":{\"@id\":\"https:\/\/cvafirearms.com\/fr#\/schema\/logo\/image\/\"}}]}<\/script>\n<!-- \/ Yoast SEO plugin. -->","yoast_head_json":{"title":"T\u00e9rminos y condiciones - CVA Rifles","robots":{"index":"index","follow":"follow","max-snippet":"max-snippet:-1","max-image-preview":"max-image-preview:large","max-video-preview":"max-video-preview:-1"},"canonical":"https:\/\/cvafirearms.com\/fr\/terminos-y-condiciones","og_locale":"fr_FR","og_type":"article","og_title":"T\u00e9rminos y condiciones - CVA Rifles","og_description":"Termes et conditions Avis l\u00e9gal Conform\u00e9ment \u00e0 la Loi 34\/2002, du 11 juillet, sur les services de la soci\u00e9t\u00e9 de l&#8217;information et [&hellip;]","og_url":"https:\/\/cvafirearms.com\/fr\/terminos-y-condiciones","og_site_name":"CVA Rifles","article_modified_time":"2025-04-08T08:09:27+00:00","twitter_card":"summary_large_image","twitter_misc":{"Est. reading time":"7 minutes"},"schema":{"@context":"https:\/\/schema.org","@graph":[{"@type":"WebPage","@id":"https:\/\/cvafirearms.com\/fr\/terminos-y-condiciones","url":"https:\/\/cvafirearms.com\/fr\/terminos-y-condiciones","name":"T\u00e9rminos y condiciones - CVA Rifles","isPartOf":{"@id":"https:\/\/cvafirearms.com\/fr#website"},"datePublished":"2025-02-26T19:25:49+00:00","dateModified":"2025-04-08T08:09:27+00:00","breadcrumb":{"@id":"https:\/\/cvafirearms.com\/fr\/terminos-y-condiciones#breadcrumb"},"inLanguage":"fr-FR","potentialAction":[{"@type":"ReadAction","target":["https:\/\/cvafirearms.com\/fr\/terminos-y-condiciones"]}]},{"@type":"BreadcrumbList","@id":"https:\/\/cvafirearms.com\/fr\/terminos-y-condiciones#breadcrumb","itemListElement":[{"@type":"ListItem","position":1,"name":"Home","item":"https:\/\/cvafirearms.com\/fr"},{"@type":"ListItem","position":2,"name":"T\u00e9rminos y condiciones"}]},{"@type":"WebSite","@id":"https:\/\/cvafirearms.com\/fr#website","url":"https:\/\/cvafirearms.com\/fr","name":"CVA Rifles","description":"","publisher":{"@id":"https:\/\/cvafirearms.com\/fr#organization"},"potentialAction":[{"@type":"SearchAction","target":{"@type":"EntryPoint","urlTemplate":"https:\/\/cvafirearms.com\/fr?s={search_term_string}"},"query-input":{"@type":"PropertyValueSpecification","valueRequired":true,"valueName":"search_term_string"}}],"inLanguage":"fr-FR"},{"@type":"Organization","@id":"https:\/\/cvafirearms.com\/fr#organization","name":"CVA Rifles","url":"https:\/\/cvafirearms.com\/fr","logo":{"@type":"ImageObject","inLanguage":"fr-FR","@id":"https:\/\/cvafirearms.com\/fr#\/schema\/logo\/image\/","url":"https:\/\/cvafirearms.com\/uploads\/2025\/03\/CVA-logo.png","contentUrl":"https:\/\/cvafirearms.com\/uploads\/2025\/03\/CVA-logo.png","width":204,"height":162,"caption":"CVA Rifles"},"image":{"@id":"https:\/\/cvafirearms.com\/fr#\/schema\/logo\/image\/"}}]}},"_links":{"self":[{"href":"https:\/\/cvafirearms.com\/fr\/wp-json\/wp\/v2\/pages\/2314","targetHints":{"allow":["GET"]}}],"collection":[{"href":"https:\/\/cvafirearms.com\/fr\/wp-json\/wp\/v2\/pages"}],"about":[{"href":"https:\/\/cvafirearms.com\/fr\/wp-json\/wp\/v2\/types\/page"}],"author":[{"embeddable":true,"href":"https:\/\/cvafirearms.com\/fr\/wp-json\/wp\/v2\/users\/1"}],"replies":[{"embeddable":true,"href":"https:\/\/cvafirearms.com\/fr\/wp-json\/wp\/v2\/comments?post=2314"}],"version-history":[{"count":3,"href":"https:\/\/cvafirearms.com\/fr\/wp-json\/wp\/v2\/pages\/2314\/revisions"}],"predecessor-version":[{"id":2318,"href":"https:\/\/cvafirearms.com\/fr\/wp-json\/wp\/v2\/pages\/2314\/revisions\/2318"}],"wp:attachment":[{"href":"https:\/\/cvafirearms.com\/fr\/wp-json\/wp\/v2\/media?parent=2314"}],"curies":[{"name":"wp","href":"https:\/\/api.w.org\/{rel}","templated":true}]}}